{"id":187,"date":"2022-08-26T09:13:45","date_gmt":"2022-08-26T09:13:45","guid":{"rendered":"https:\/\/xstore.8theme.com\/elementor\/demos\/beauty-and-cosmetics\/?page_id=187"},"modified":"2024-03-06T12:06:47","modified_gmt":"2024-03-06T12:06:47","slug":"jaunumi","status":"publish","type":"page","link":"https:\/\/www.ramriti.lv\/en\/jaunumi\/","title":{"rendered":"News"},"content":{"rendered":"<div data-elementor-type=\"wp-page\" data-elementor-id=\"187\" class=\"elementor elementor-187\">\n\t\t\t\t\t\t<section class=\"elementor-section elementor-top-section elementor-element elementor-element-71d9dffb elementor-section-stretched elementor-section-boxed elementor-section-height-default elementor-section-height-default wpr-particle-no wpr-jarallax-no wpr-parallax-no wpr-sticky-section-no\" data-id=\"71d9dffb\" data-element_type=\"section\" data-e-type=\"section\" data-settings=\"{&quot;stretch_section&quot;:&quot;section-stretched&quot;,&quot;background_background&quot;:&quot;classic&quot;}\">\n\t\t\t\t\t\t\t<div class=\"elementor-background-overlay\"><\/div>\n\t\t\t\t\t\t\t<div class=\"elementor-container elementor-column-gap-no\">\n\t\t\t\t\t<div class=\"elementor-column elementor-col-100 elementor-top-column elementor-element elementor-element-41273c60\" data-id=\"41273c60\" data-element_type=\"column\" data-e-type=\"column\">\n\t\t\t<div class=\"elementor-widget-wrap elementor-element-populated\">\n\t\t\t\t\t\t<div class=\"elementor-element elementor-element-7d82258e elementor-widget elementor-widget-heading\" data-id=\"7d82258e\" data-element_type=\"widget\" data-e-type=\"widget\" data-widget_type=\"heading.default\">\n\t\t\t\t<div class=\"elementor-widget-container\">\n\t\t\t\t\t<h2 class=\"elementor-heading-title elementor-size-default\">News<\/h2>\t\t\t\t<\/div>\n\t\t\t\t<\/div>\n\t\t\t\t<div class=\"elementor-element elementor-element-12a58ea6 elementor-widget__width-initial elementor-widget elementor-widget-text-editor\" data-id=\"12a58ea6\" data-element_type=\"widget\" data-e-type=\"widget\" data-widget_type=\"text-editor.default\">\n\t\t\t\t<div class=\"elementor-widget-container\">\n\t\t\t\t\t\t\t\t\t<p>R\u0101mriti are growing and evolving to give you the best and the tastyest!<\/p>\t\t\t\t\t\t\t\t<\/div>\n\t\t\t\t<\/div>\n\t\t\t\t\t<\/div>\n\t\t<\/div>\n\t\t\t\t\t<\/div>\n\t\t<\/section>\n\t\t<div class=\"elementor-element elementor-element-a26a568 e-flex e-con-boxed wpr-particle-no wpr-jarallax-no wpr-parallax-no wpr-sticky-section-no e-con e-parent\" data-id=\"a26a568\" data-element_type=\"container\" data-e-type=\"container\">\n\t\t\t\t\t<div class=\"e-con-inner\">\n\t\t\t\t<div class=\"elementor-element elementor-element-a111aa7 elementor-widget elementor-widget-etheme_posts\" data-id=\"a111aa7\" data-element_type=\"widget\" data-e-type=\"widget\" data-settings=\"{&quot;cols&quot;:&quot;2&quot;,&quot;query_type&quot;:&quot;categories&quot;,&quot;cols_mobile&quot;:&quot;1&quot;,&quot;navigation&quot;:&quot;none&quot;,&quot;cols_gap&quot;:{&quot;unit&quot;:&quot;px&quot;,&quot;size&quot;:&quot;&quot;,&quot;sizes&quot;:[]},&quot;cols_gap_tablet&quot;:{&quot;unit&quot;:&quot;px&quot;,&quot;size&quot;:&quot;&quot;,&quot;sizes&quot;:[]},&quot;cols_gap_mobile&quot;:{&quot;unit&quot;:&quot;px&quot;,&quot;size&quot;:&quot;&quot;,&quot;sizes&quot;:[]},&quot;rows_gap&quot;:{&quot;unit&quot;:&quot;px&quot;,&quot;size&quot;:&quot;&quot;,&quot;sizes&quot;:[]},&quot;rows_gap_tablet&quot;:{&quot;unit&quot;:&quot;px&quot;,&quot;size&quot;:&quot;&quot;,&quot;sizes&quot;:[]},&quot;rows_gap_mobile&quot;:{&quot;unit&quot;:&quot;px&quot;,&quot;size&quot;:&quot;&quot;,&quot;sizes&quot;:[]}}\" data-widget_type=\"etheme_posts.default\">\n\t\t\t\t<div class=\"elementor-widget-container\">\n\t\t\t\t\t            <div class=\"etheme-posts-wrapper etheme-grid etheme-posts-wrapper-list\">\n                        <article class=\"etheme-post post-5671 post type-post status-publish format-standard has-post-thumbnail hentry category-jaunumi\">\n                    <div class=\"etheme-post-content\">\n                <span class=\"etheme-post-terms etheme-post-categories\"><a href=\"https:\/\/www.ramriti.lv\/en\/category\/jaunumi\/\">News<\/a><\/span><h3 class=\"etheme-post-title\"><a href=\"https:\/\/www.ramriti.lv\/en\/jaunumi\/projekta-istenosana-ar-eiropas-savienibas-atbalstu\/\">Projekta \u012bsteno\u0161ana ar Eiropas Savien\u012bbas atbalstu<\/a><\/h3><div class=\"etheme-post-excerpt\">Otto Lodi\u0146\u0161, ar Eiropas Lauksaimniec\u012bbas fonda lauku att\u012bst\u012bbai atbalstu Latvijas Kop\u0113j\u0101s lauksaimniec\u012bbas politikas strat\u0113\u0123isk\u0101 pl\u0101na ietvaros ir \u012bstenojis projektu \u201cBi\u0161kop\u012bbas saimniec\u012bbas att\u012bst\u012bbas projekts\u201d, projekta Nr. 21-06-A00603-000271, atbalsta pas\u0101kum\u0101 A006.03 \u201cAtbalsts...<\/div><a class=\"etheme-post-button\" href=\"https:\/\/www.ramriti.lv\/en\/jaunumi\/projekta-istenosana-ar-eiropas-savienibas-atbalstu\/\"><span class=\"button-text\">Read More<\/span><svg xmlns=\"http:\/\/www.w3.org\/2000\/svg\" width=\"1em\" height=\"1em\" viewbox=\"0 0 24 24\" fill=\"currentColor\"><path d=\"M23.928 11.832c-0.048-0.12-0.12-0.216-0.168-0.264l-7.776-8.16c-0.12-0.144-0.288-0.216-0.48-0.24-0.168 0-0.36 0.048-0.48 0.168-0.288 0.24-0.312 0.672-0.048 0.984l6.648 6.984h-20.904c-0.384 0-0.696 0.312-0.696 0.696s0.312 0.672 0.696 0.672h20.904l-6.624 7.008c-0.12 0.144-0.192 0.312-0.168 0.48 0 0.192 0.096 0.36 0.216 0.48 0.12 0.144 0.312 0.216 0.48 0.216 0.144 0 0.312-0.048 0.48-0.192l7.776-8.16c0 0 0.168-0.264 0.168-0.336 0.024-0.12 0.024-0.216-0.024-0.336z\"><\/path><\/svg><\/a>        <div class=\"etheme-post-meta-data\">\n                        <span class=\"etheme-post-date\">\n        <a href=\"https:\/\/www.ramriti.lv\/en\/2025\/08\/\"><svg version=\"1.1\" xmlns=\"http:\/\/www.w3.org\/2000\/svg\" width=\"1em\" height=\"1em\" viewbox=\"0 0 24 24\">\n<path d=\"M22.56 1.68h-2.568v-1.032c0-0.264-0.24-0.576-0.576-0.576h-2.76c-0.264 0-0.576 0.24-0.576 0.576v1.032h-8.28v-1.032c0-0.264-0.24-0.576-0.576-0.576h-2.712c-0.264 0-0.576 0.24-0.576 0.576v1.032h-2.496c-0.264 0-0.552 0.24-0.552 0.576v21.096c0 0.264 0.24 0.576 0.576 0.576h21.096c0.264 0 0.576-0.24 0.576-0.576v-21.12c-0.024-0.312-0.264-0.552-0.576-0.552zM22.032 7.080v15.72h-20.016v-15.72h20.016zM5.136 3.24v-2.040h1.632v2.064h-1.632zM17.232 3.24v-2.040h1.632v2.064h-1.632zM4.608 4.392h2.76c0.264 0 0.576-0.24 0.576-0.576v-1.032h8.256v1.032c0 0.264 0.24 0.576 0.576 0.576h2.736c0.264 0 0.576-0.24 0.576-0.576v-1.032h1.992v3.216h-20.064v-3.216h2.040v1.032c-0.024 0.264 0.216 0.576 0.552 0.576zM19.584 9.096h-15.168v11.664h15.192v-11.664zM18.48 17.232v2.424h-2.424v-2.424h2.424zM18.48 13.704v2.448h-2.424v-2.448h2.424zM18.48 10.176v2.448h-2.424v-2.448h2.424zM14.976 17.232v2.424h-2.4v-2.424h2.4zM14.976 13.704v2.448h-2.4v-2.448h2.4zM14.976 10.176v2.448h-2.4v-2.448h2.4zM9.024 12.624v-2.448h2.424v2.448h-2.424zM9.024 16.152v-2.448h2.424v2.448h-2.424zM11.448 17.232v2.424h-2.424v-2.424h2.424zM7.92 17.232v2.424h-2.424v-2.424h2.424zM7.944 13.704v2.448h-2.424v-2.448h2.424zM7.944 10.176v2.448h-2.424v-2.448h2.424z\"><\/path>\n<\/svg> August 5, 2025<\/a>            <\/span>\n                <\/div>\n                    <\/div>\n                <\/article>\n                <article class=\"etheme-post post-5474 post type-post status-publish format-standard has-post-thumbnail hentry category-jaunumi\">\n                    <div class=\"etheme-post-content\">\n                <span class=\"etheme-post-terms etheme-post-categories\"><a href=\"https:\/\/www.ramriti.lv\/en\/category\/jaunumi\/\">News<\/a><\/span><h3 class=\"etheme-post-title\"><a href=\"https:\/\/www.ramriti.lv\/en\/jaunumi\/ramriti-labakas-davanas-ziemassvetkiem\/\">R\u0101mriti \u2013 lab\u0101k\u0101s d\u0101vanas Ziemassv\u0113tkiem!<\/a><\/h3><div class=\"etheme-post-excerpt\">Kad gaiss smar\u017eo p\u0113c pipark\u016bk\u0101m un egl\u012b\u0161u zariem, m\u0113s, R\u0101mriti, ar prieku pazi\u0146ojam \u2013 \u0161ogad esam sagatavoju\u0161i \u012bpa\u0161as d\u0101vanas, lai iepriecin\u0101tu tevi un tavus m\u012b\u013cos sv\u0113tku laik\u0101! Jaunumi, kas p\u0101rsteidz!...<\/div><a class=\"etheme-post-button\" href=\"https:\/\/www.ramriti.lv\/en\/jaunumi\/ramriti-labakas-davanas-ziemassvetkiem\/\"><span class=\"button-text\">Read More<\/span><svg xmlns=\"http:\/\/www.w3.org\/2000\/svg\" width=\"1em\" height=\"1em\" viewbox=\"0 0 24 24\" fill=\"currentColor\"><path d=\"M23.928 11.832c-0.048-0.12-0.12-0.216-0.168-0.264l-7.776-8.16c-0.12-0.144-0.288-0.216-0.48-0.24-0.168 0-0.36 0.048-0.48 0.168-0.288 0.24-0.312 0.672-0.048 0.984l6.648 6.984h-20.904c-0.384 0-0.696 0.312-0.696 0.696s0.312 0.672 0.696 0.672h20.904l-6.624 7.008c-0.12 0.144-0.192 0.312-0.168 0.48 0 0.192 0.096 0.36 0.216 0.48 0.12 0.144 0.312 0.216 0.48 0.216 0.144 0 0.312-0.048 0.48-0.192l7.776-8.16c0 0 0.168-0.264 0.168-0.336 0.024-0.12 0.024-0.216-0.024-0.336z\"><\/path><\/svg><\/a>        <div class=\"etheme-post-meta-data\">\n                        <span class=\"etheme-post-date\">\n        <a href=\"https:\/\/www.ramriti.lv\/en\/2024\/12\/\"><svg version=\"1.1\" xmlns=\"http:\/\/www.w3.org\/2000\/svg\" width=\"1em\" height=\"1em\" viewbox=\"0 0 24 24\">\n<path d=\"M22.56 1.68h-2.568v-1.032c0-0.264-0.24-0.576-0.576-0.576h-2.76c-0.264 0-0.576 0.24-0.576 0.576v1.032h-8.28v-1.032c0-0.264-0.24-0.576-0.576-0.576h-2.712c-0.264 0-0.576 0.24-0.576 0.576v1.032h-2.496c-0.264 0-0.552 0.24-0.552 0.576v21.096c0 0.264 0.24 0.576 0.576 0.576h21.096c0.264 0 0.576-0.24 0.576-0.576v-21.12c-0.024-0.312-0.264-0.552-0.576-0.552zM22.032 7.080v15.72h-20.016v-15.72h20.016zM5.136 3.24v-2.040h1.632v2.064h-1.632zM17.232 3.24v-2.040h1.632v2.064h-1.632zM4.608 4.392h2.76c0.264 0 0.576-0.24 0.576-0.576v-1.032h8.256v1.032c0 0.264 0.24 0.576 0.576 0.576h2.736c0.264 0 0.576-0.24 0.576-0.576v-1.032h1.992v3.216h-20.064v-3.216h2.040v1.032c-0.024 0.264 0.216 0.576 0.552 0.576zM19.584 9.096h-15.168v11.664h15.192v-11.664zM18.48 17.232v2.424h-2.424v-2.424h2.424zM18.48 13.704v2.448h-2.424v-2.448h2.424zM18.48 10.176v2.448h-2.424v-2.448h2.424zM14.976 17.232v2.424h-2.4v-2.424h2.4zM14.976 13.704v2.448h-2.4v-2.448h2.4zM14.976 10.176v2.448h-2.4v-2.448h2.4zM9.024 12.624v-2.448h2.424v2.448h-2.424zM9.024 16.152v-2.448h2.424v2.448h-2.424zM11.448 17.232v2.424h-2.424v-2.424h2.424zM7.92 17.232v2.424h-2.424v-2.424h2.424zM7.944 13.704v2.448h-2.424v-2.448h2.424zM7.944 10.176v2.448h-2.424v-2.448h2.424z\"><\/path>\n<\/svg> December 4, 2024<\/a>            <\/span>\n                <\/div>\n                    <\/div>\n                <\/article>\n                <article class=\"etheme-post post-5060 post type-post status-publish format-standard has-post-thumbnail hentry category-jaunumi\">\n                    <div class=\"etheme-post-content\">\n                <span class=\"etheme-post-terms etheme-post-categories\"><a href=\"https:\/\/www.ramriti.lv\/en\/category\/jaunumi\/\">News<\/a><\/span><h3 class=\"etheme-post-title\"><a href=\"https:\/\/www.ramriti.lv\/en\/jaunumi\/video-par-ramritiem-un-to-gardajiem-medus-sufle\/\">VIDEO: Par R\u0101mritiem un to gardajiem medus sufl\u0113<\/a><\/h3><div class=\"etheme-post-excerpt\"><\/div><a class=\"etheme-post-button\" href=\"https:\/\/www.ramriti.lv\/en\/jaunumi\/video-par-ramritiem-un-to-gardajiem-medus-sufle\/\"><span class=\"button-text\">Read More<\/span><svg xmlns=\"http:\/\/www.w3.org\/2000\/svg\" width=\"1em\" height=\"1em\" viewbox=\"0 0 24 24\" fill=\"currentColor\"><path d=\"M23.928 11.832c-0.048-0.12-0.12-0.216-0.168-0.264l-7.776-8.16c-0.12-0.144-0.288-0.216-0.48-0.24-0.168 0-0.36 0.048-0.48 0.168-0.288 0.24-0.312 0.672-0.048 0.984l6.648 6.984h-20.904c-0.384 0-0.696 0.312-0.696 0.696s0.312 0.672 0.696 0.672h20.904l-6.624 7.008c-0.12 0.144-0.192 0.312-0.168 0.48 0 0.192 0.096 0.36 0.216 0.48 0.12 0.144 0.312 0.216 0.48 0.216 0.144 0 0.312-0.048 0.48-0.192l7.776-8.16c0 0 0.168-0.264 0.168-0.336 0.024-0.12 0.024-0.216-0.024-0.336z\"><\/path><\/svg><\/a>        <div class=\"etheme-post-meta-data\">\n                        <span class=\"etheme-post-date\">\n        <a href=\"https:\/\/www.ramriti.lv\/en\/2024\/09\/\"><svg version=\"1.1\" xmlns=\"http:\/\/www.w3.org\/2000\/svg\" width=\"1em\" height=\"1em\" viewbox=\"0 0 24 24\">\n<path d=\"M22.56 1.68h-2.568v-1.032c0-0.264-0.24-0.576-0.576-0.576h-2.76c-0.264 0-0.576 0.24-0.576 0.576v1.032h-8.28v-1.032c0-0.264-0.24-0.576-0.576-0.576h-2.712c-0.264 0-0.576 0.24-0.576 0.576v1.032h-2.496c-0.264 0-0.552 0.24-0.552 0.576v21.096c0 0.264 0.24 0.576 0.576 0.576h21.096c0.264 0 0.576-0.24 0.576-0.576v-21.12c-0.024-0.312-0.264-0.552-0.576-0.552zM22.032 7.080v15.72h-20.016v-15.72h20.016zM5.136 3.24v-2.040h1.632v2.064h-1.632zM17.232 3.24v-2.040h1.632v2.064h-1.632zM4.608 4.392h2.76c0.264 0 0.576-0.24 0.576-0.576v-1.032h8.256v1.032c0 0.264 0.24 0.576 0.576 0.576h2.736c0.264 0 0.576-0.24 0.576-0.576v-1.032h1.992v3.216h-20.064v-3.216h2.040v1.032c-0.024 0.264 0.216 0.576 0.552 0.576zM19.584 9.096h-15.168v11.664h15.192v-11.664zM18.48 17.232v2.424h-2.424v-2.424h2.424zM18.48 13.704v2.448h-2.424v-2.448h2.424zM18.48 10.176v2.448h-2.424v-2.448h2.424zM14.976 17.232v2.424h-2.4v-2.424h2.4zM14.976 13.704v2.448h-2.4v-2.448h2.4zM14.976 10.176v2.448h-2.4v-2.448h2.4zM9.024 12.624v-2.448h2.424v2.448h-2.424zM9.024 16.152v-2.448h2.424v2.448h-2.424zM11.448 17.232v2.424h-2.424v-2.424h2.424zM7.92 17.232v2.424h-2.424v-2.424h2.424zM7.944 13.704v2.448h-2.424v-2.448h2.424zM7.944 10.176v2.448h-2.424v-2.448h2.424z\"><\/path>\n<\/svg> September 27, 2024<\/a>            <\/span>\n                <\/div>\n                    <\/div>\n                <\/article>\n                <article class=\"etheme-post post-5056 post type-post status-publish format-standard has-post-thumbnail hentry category-jaunumi\">\n                    <div class=\"etheme-post-content\">\n                <span class=\"etheme-post-terms etheme-post-categories\"><a href=\"https:\/\/www.ramriti.lv\/en\/category\/jaunumi\/\">News<\/a><\/span><h3 class=\"etheme-post-title\"><a href=\"https:\/\/www.ramriti.lv\/en\/jaunumi\/bezmaksas-piegade\/\">Bezmaksas pieg\u0101de<\/a><\/h3><div class=\"etheme-post-excerpt\">Rudens n\u0101k ar skaist\u0101m atlaid\u0113m! Iep\u0113rcies m\u016bsu veikal\u0101 vismaz par 30eur un sa\u0146em Bezmaksas pieg\u0101di savam pas\u016bt\u012bjumam Latvij\u0101.<\/div><a class=\"etheme-post-button\" href=\"https:\/\/www.ramriti.lv\/en\/jaunumi\/bezmaksas-piegade\/\"><span class=\"button-text\">Read More<\/span><svg xmlns=\"http:\/\/www.w3.org\/2000\/svg\" width=\"1em\" height=\"1em\" viewbox=\"0 0 24 24\" fill=\"currentColor\"><path d=\"M23.928 11.832c-0.048-0.12-0.12-0.216-0.168-0.264l-7.776-8.16c-0.12-0.144-0.288-0.216-0.48-0.24-0.168 0-0.36 0.048-0.48 0.168-0.288 0.24-0.312 0.672-0.048 0.984l6.648 6.984h-20.904c-0.384 0-0.696 0.312-0.696 0.696s0.312 0.672 0.696 0.672h20.904l-6.624 7.008c-0.12 0.144-0.192 0.312-0.168 0.48 0 0.192 0.096 0.36 0.216 0.48 0.12 0.144 0.312 0.216 0.48 0.216 0.144 0 0.312-0.048 0.48-0.192l7.776-8.16c0 0 0.168-0.264 0.168-0.336 0.024-0.12 0.024-0.216-0.024-0.336z\"><\/path><\/svg><\/a>        <div class=\"etheme-post-meta-data\">\n                        <span class=\"etheme-post-date\">\n        <a href=\"https:\/\/www.ramriti.lv\/en\/2024\/09\/\"><svg version=\"1.1\" xmlns=\"http:\/\/www.w3.org\/2000\/svg\" width=\"1em\" height=\"1em\" viewbox=\"0 0 24 24\">\n<path d=\"M22.56 1.68h-2.568v-1.032c0-0.264-0.24-0.576-0.576-0.576h-2.76c-0.264 0-0.576 0.24-0.576 0.576v1.032h-8.28v-1.032c0-0.264-0.24-0.576-0.576-0.576h-2.712c-0.264 0-0.576 0.24-0.576 0.576v1.032h-2.496c-0.264 0-0.552 0.24-0.552 0.576v21.096c0 0.264 0.24 0.576 0.576 0.576h21.096c0.264 0 0.576-0.24 0.576-0.576v-21.12c-0.024-0.312-0.264-0.552-0.576-0.552zM22.032 7.080v15.72h-20.016v-15.72h20.016zM5.136 3.24v-2.040h1.632v2.064h-1.632zM17.232 3.24v-2.040h1.632v2.064h-1.632zM4.608 4.392h2.76c0.264 0 0.576-0.24 0.576-0.576v-1.032h8.256v1.032c0 0.264 0.24 0.576 0.576 0.576h2.736c0.264 0 0.576-0.24 0.576-0.576v-1.032h1.992v3.216h-20.064v-3.216h2.040v1.032c-0.024 0.264 0.216 0.576 0.552 0.576zM19.584 9.096h-15.168v11.664h15.192v-11.664zM18.48 17.232v2.424h-2.424v-2.424h2.424zM18.48 13.704v2.448h-2.424v-2.448h2.424zM18.48 10.176v2.448h-2.424v-2.448h2.424zM14.976 17.232v2.424h-2.4v-2.424h2.4zM14.976 13.704v2.448h-2.4v-2.448h2.4zM14.976 10.176v2.448h-2.4v-2.448h2.4zM9.024 12.624v-2.448h2.424v2.448h-2.424zM9.024 16.152v-2.448h2.424v2.448h-2.424zM11.448 17.232v2.424h-2.424v-2.424h2.424zM7.92 17.232v2.424h-2.424v-2.424h2.424zM7.944 13.704v2.448h-2.424v-2.448h2.424zM7.944 10.176v2.448h-2.424v-2.448h2.424z\"><\/path>\n<\/svg> September 27, 2024<\/a>            <\/span>\n                <\/div>\n                    <\/div>\n                <\/article>\n                <article class=\"etheme-post post-4562 post type-post status-publish format-standard has-post-thumbnail hentry category-jaunumi\">\n                    <div class=\"etheme-post-content\">\n                <span class=\"etheme-post-terms etheme-post-categories\"><a href=\"https:\/\/www.ramriti.lv\/en\/category\/jaunumi\/\">News<\/a><\/span><h3 class=\"etheme-post-title\"><a href=\"https:\/\/www.ramriti.lv\/en\/jaunumi\/musu-jaunais-produkts-citrona-ingvera-medus-sufle-vai-slinka-teja\/\">Our new product \u2013 Lemon &amp; Ginger creamed honey or \"lazy tea\"<\/a><\/h3><div class=\"etheme-post-excerpt\">Summer passed quickly and the weather is getting colder and colder. When you come home, you want to curl up in a warm blanket and enjoy hot tea. And it seems that nothing could warm you better than lemon-ginger-honey tea, which...<\/div><a class=\"etheme-post-button\" href=\"https:\/\/www.ramriti.lv\/en\/jaunumi\/musu-jaunais-produkts-citrona-ingvera-medus-sufle-vai-slinka-teja\/\"><span class=\"button-text\">Read More<\/span><svg xmlns=\"http:\/\/www.w3.org\/2000\/svg\" width=\"1em\" height=\"1em\" viewbox=\"0 0 24 24\" fill=\"currentColor\"><path d=\"M23.928 11.832c-0.048-0.12-0.12-0.216-0.168-0.264l-7.776-8.16c-0.12-0.144-0.288-0.216-0.48-0.24-0.168 0-0.36 0.048-0.48 0.168-0.288 0.24-0.312 0.672-0.048 0.984l6.648 6.984h-20.904c-0.384 0-0.696 0.312-0.696 0.696s0.312 0.672 0.696 0.672h20.904l-6.624 7.008c-0.12 0.144-0.192 0.312-0.168 0.48 0 0.192 0.096 0.36 0.216 0.48 0.12 0.144 0.312 0.216 0.48 0.216 0.144 0 0.312-0.048 0.48-0.192l7.776-8.16c0 0 0.168-0.264 0.168-0.336 0.024-0.12 0.024-0.216-0.024-0.336z\"><\/path><\/svg><\/a>        <div class=\"etheme-post-meta-data\">\n                        <span class=\"etheme-post-date\">\n        <a href=\"https:\/\/www.ramriti.lv\/en\/2023\/10\/\"><svg version=\"1.1\" xmlns=\"http:\/\/www.w3.org\/2000\/svg\" width=\"1em\" height=\"1em\" viewbox=\"0 0 24 24\">\n<path d=\"M22.56 1.68h-2.568v-1.032c0-0.264-0.24-0.576-0.576-0.576h-2.76c-0.264 0-0.576 0.24-0.576 0.576v1.032h-8.28v-1.032c0-0.264-0.24-0.576-0.576-0.576h-2.712c-0.264 0-0.576 0.24-0.576 0.576v1.032h-2.496c-0.264 0-0.552 0.24-0.552 0.576v21.096c0 0.264 0.24 0.576 0.576 0.576h21.096c0.264 0 0.576-0.24 0.576-0.576v-21.12c-0.024-0.312-0.264-0.552-0.576-0.552zM22.032 7.080v15.72h-20.016v-15.72h20.016zM5.136 3.24v-2.040h1.632v2.064h-1.632zM17.232 3.24v-2.040h1.632v2.064h-1.632zM4.608 4.392h2.76c0.264 0 0.576-0.24 0.576-0.576v-1.032h8.256v1.032c0 0.264 0.24 0.576 0.576 0.576h2.736c0.264 0 0.576-0.24 0.576-0.576v-1.032h1.992v3.216h-20.064v-3.216h2.040v1.032c-0.024 0.264 0.216 0.576 0.552 0.576zM19.584 9.096h-15.168v11.664h15.192v-11.664zM18.48 17.232v2.424h-2.424v-2.424h2.424zM18.48 13.704v2.448h-2.424v-2.448h2.424zM18.48 10.176v2.448h-2.424v-2.448h2.424zM14.976 17.232v2.424h-2.4v-2.424h2.4zM14.976 13.704v2.448h-2.4v-2.448h2.4zM14.976 10.176v2.448h-2.4v-2.448h2.4zM9.024 12.624v-2.448h2.424v2.448h-2.424zM9.024 16.152v-2.448h2.424v2.448h-2.424zM11.448 17.232v2.424h-2.424v-2.424h2.424zM7.92 17.232v2.424h-2.424v-2.424h2.424zM7.944 13.704v2.448h-2.424v-2.448h2.424zM7.944 10.176v2.448h-2.424v-2.448h2.424z\"><\/path>\n<\/svg> October 22, 2023<\/a>            <\/span>\n                <\/div>\n                    <\/div>\n                <\/article>\n                <article class=\"etheme-post post-1916 post type-post status-publish format-standard has-post-thumbnail hentry category-jaunumi\">\n                    <div class=\"etheme-post-content\">\n                <span class=\"etheme-post-terms etheme-post-categories\"><a href=\"https:\/\/www.ramriti.lv\/en\/category\/jaunumi\/\">News<\/a><\/span><h3 class=\"etheme-post-title\"><a href=\"https:\/\/www.ramriti.lv\/en\/jaunumi\/jauna-lapa\/\">Our website is now online<\/a><\/h3><div class=\"etheme-post-excerpt\">We are happy to become even closer to you and offer to buy our products in a convenient way in our online store with delivery throughout Latvia and beyond its borders! We wish you pleasant purchases!...<\/div><a class=\"etheme-post-button\" href=\"https:\/\/www.ramriti.lv\/en\/jaunumi\/jauna-lapa\/\"><span class=\"button-text\">Read More<\/span><svg xmlns=\"http:\/\/www.w3.org\/2000\/svg\" width=\"1em\" height=\"1em\" viewbox=\"0 0 24 24\" fill=\"currentColor\"><path d=\"M23.928 11.832c-0.048-0.12-0.12-0.216-0.168-0.264l-7.776-8.16c-0.12-0.144-0.288-0.216-0.48-0.24-0.168 0-0.36 0.048-0.48 0.168-0.288 0.24-0.312 0.672-0.048 0.984l6.648 6.984h-20.904c-0.384 0-0.696 0.312-0.696 0.696s0.312 0.672 0.696 0.672h20.904l-6.624 7.008c-0.12 0.144-0.192 0.312-0.168 0.48 0 0.192 0.096 0.36 0.216 0.48 0.12 0.144 0.312 0.216 0.48 0.216 0.144 0 0.312-0.048 0.48-0.192l7.776-8.16c0 0 0.168-0.264 0.168-0.336 0.024-0.12 0.024-0.216-0.024-0.336z\"><\/path><\/svg><\/a>        <div class=\"etheme-post-meta-data\">\n                        <span class=\"etheme-post-date\">\n        <a href=\"https:\/\/www.ramriti.lv\/en\/2023\/09\/\"><svg version=\"1.1\" xmlns=\"http:\/\/www.w3.org\/2000\/svg\" width=\"1em\" height=\"1em\" viewbox=\"0 0 24 24\">\n<path d=\"M22.56 1.68h-2.568v-1.032c0-0.264-0.24-0.576-0.576-0.576h-2.76c-0.264 0-0.576 0.24-0.576 0.576v1.032h-8.28v-1.032c0-0.264-0.24-0.576-0.576-0.576h-2.712c-0.264 0-0.576 0.24-0.576 0.576v1.032h-2.496c-0.264 0-0.552 0.24-0.552 0.576v21.096c0 0.264 0.24 0.576 0.576 0.576h21.096c0.264 0 0.576-0.24 0.576-0.576v-21.12c-0.024-0.312-0.264-0.552-0.576-0.552zM22.032 7.080v15.72h-20.016v-15.72h20.016zM5.136 3.24v-2.040h1.632v2.064h-1.632zM17.232 3.24v-2.040h1.632v2.064h-1.632zM4.608 4.392h2.76c0.264 0 0.576-0.24 0.576-0.576v-1.032h8.256v1.032c0 0.264 0.24 0.576 0.576 0.576h2.736c0.264 0 0.576-0.24 0.576-0.576v-1.032h1.992v3.216h-20.064v-3.216h2.040v1.032c-0.024 0.264 0.216 0.576 0.552 0.576zM19.584 9.096h-15.168v11.664h15.192v-11.664zM18.48 17.232v2.424h-2.424v-2.424h2.424zM18.48 13.704v2.448h-2.424v-2.448h2.424zM18.48 10.176v2.448h-2.424v-2.448h2.424zM14.976 17.232v2.424h-2.4v-2.424h2.4zM14.976 13.704v2.448h-2.4v-2.448h2.4zM14.976 10.176v2.448h-2.4v-2.448h2.4zM9.024 12.624v-2.448h2.424v2.448h-2.424zM9.024 16.152v-2.448h2.424v2.448h-2.424zM11.448 17.232v2.424h-2.424v-2.424h2.424zM7.92 17.232v2.424h-2.424v-2.424h2.424zM7.944 13.704v2.448h-2.424v-2.448h2.424zM7.944 10.176v2.448h-2.424v-2.448h2.424z\"><\/path>\n<\/svg> September 6, 2023<\/a>            <\/span>\n                <\/div>\n                    <\/div>\n                <\/article>\n                    <\/div>\n            \t\t\t\t<\/div>\n\t\t\t\t<\/div>\n\t\t\t\t\t<\/div>\n\t\t\t\t<\/div>\n\t\t\t\t<\/div>","protected":false},"excerpt":{"rendered":"<p>Jaunumi R\u0101mriti aug un att\u012bst\u0101s, lai Jums sniegtu lab\u0101ko un gard\u0101ko! Jaunumi M\u016bsu jaunais produkts &#8211; Citrona-Ingvera medus sufl\u0113 vai &#8220;slink\u0101 t\u0113ja&#8221; Vasara pag\u0101ja \u0101tri un laiks paliek aizvien aukst\u0101ks&#8230;.<\/p>","protected":false},"author":2,"featured_media":2174,"parent":0,"menu_order":20,"comment_status":"closed","ping_status":"closed","template":"","meta":{"footnotes":""},"class_list":["post-187","page","type-page","status-publish","has-post-thumbnail","hentry"],"aioseo_notices":[],"jetpack_sharing_enabled":true,"_links":{"self":[{"href":"https:\/\/www.ramriti.lv\/en\/wp-json\/wp\/v2\/pages\/187","targetHints":{"allow":["GET"]}}],"collection":[{"href":"https:\/\/www.ramriti.lv\/en\/wp-json\/wp\/v2\/pages"}],"about":[{"href":"https:\/\/www.ramriti.lv\/en\/wp-json\/wp\/v2\/types\/page"}],"author":[{"embeddable":true,"href":"https:\/\/www.ramriti.lv\/en\/wp-json\/wp\/v2\/users\/2"}],"replies":[{"embeddable":true,"href":"https:\/\/www.ramriti.lv\/en\/wp-json\/wp\/v2\/comments?post=187"}],"version-history":[{"count":7,"href":"https:\/\/www.ramriti.lv\/en\/wp-json\/wp\/v2\/pages\/187\/revisions"}],"predecessor-version":[{"id":4874,"href":"https:\/\/www.ramriti.lv\/en\/wp-json\/wp\/v2\/pages\/187\/revisions\/4874"}],"wp:featuredmedia":[{"embeddable":true,"href":"https:\/\/www.ramriti.lv\/en\/wp-json\/wp\/v2\/media\/2174"}],"wp:attachment":[{"href":"https:\/\/www.ramriti.lv\/en\/wp-json\/wp\/v2\/media?parent=187"}],"curies":[{"name":"wp","href":"https:\/\/api.w.org\/{rel}","templated":true}]}}