{"id":2599,"date":"2023-06-11T11:31:53","date_gmt":"2023-06-11T11:31:53","guid":{"rendered":"http:\/\/test.ramriti.lv\/?page_id=2599"},"modified":"2023-06-11T12:24:22","modified_gmt":"2023-06-11T12:24:22","slug":"apmaksas-iespejas","status":"publish","type":"page","link":"https:\/\/www.ramriti.lv\/en\/apmaksas-iespejas\/","title":{"rendered":"Payment options"},"content":{"rendered":"<div data-elementor-type=\"wp-page\" data-elementor-id=\"2599\" class=\"elementor elementor-2599\">\n\t\t\t\t\t\t<section class=\"elementor-section elementor-top-section elementor-element elementor-element-71d9dffb elementor-section-stretched elementor-section-boxed elementor-section-height-default elementor-section-height-default wpr-particle-no wpr-jarallax-no wpr-parallax-no wpr-sticky-section-no\" data-id=\"71d9dffb\" data-element_type=\"section\" data-e-type=\"section\" data-settings=\"{&quot;stretch_section&quot;:&quot;section-stretched&quot;,&quot;background_background&quot;:&quot;classic&quot;}\">\n\t\t\t\t\t\t\t<div class=\"elementor-background-overlay\"><\/div>\n\t\t\t\t\t\t\t<div class=\"elementor-container elementor-column-gap-no\">\n\t\t\t\t\t<div class=\"elementor-column elementor-col-100 elementor-top-column elementor-element elementor-element-41273c60\" data-id=\"41273c60\" data-element_type=\"column\" data-e-type=\"column\">\n\t\t\t<div class=\"elementor-widget-wrap elementor-element-populated\">\n\t\t\t\t\t\t<div class=\"elementor-element elementor-element-7d82258e elementor-widget elementor-widget-heading\" data-id=\"7d82258e\" data-element_type=\"widget\" data-e-type=\"widget\" data-widget_type=\"heading.default\">\n\t\t\t\t<div class=\"elementor-widget-container\">\n\t\t\t\t\t<h2 class=\"elementor-heading-title elementor-size-default\">Payment options<\/h2>\t\t\t\t<\/div>\n\t\t\t\t<\/div>\n\t\t\t\t\t<\/div>\n\t\t<\/div>\n\t\t\t\t\t<\/div>\n\t\t<\/section>\n\t\t<div class=\"elementor-element elementor-element-a26a568 e-flex e-con-boxed wpr-particle-no wpr-jarallax-no wpr-parallax-no wpr-sticky-section-no e-con e-parent\" data-id=\"a26a568\" data-element_type=\"container\" data-e-type=\"container\">\n\t\t\t\t\t<div class=\"e-con-inner\">\n\t\t\t\t<div class=\"elementor-element elementor-element-33c275a elementor-widget elementor-widget-text-editor\" data-id=\"33c275a\" data-element_type=\"widget\" data-e-type=\"widget\" data-widget_type=\"text-editor.default\">\n\t\t\t\t<div class=\"elementor-widget-container\">\n\t\t\t\t\t\t\t\t\t<p>Pied\u0101v\u0101jam 2 apmaksas veidus, ko varat izv\u0113l\u0113ties pie pas\u016bt\u012bjuma noform\u0113\u0161anas:<br \/><br \/><strong>1. Nor\u0113\u0137ins tie\u0161saist\u0113 ar Internetbanku.<\/strong><\/p><ul><li><strong>Latvija:\u00a0<\/strong>Swedbank, SEB, Citadele, Luminor, Revolut, N26<\/li><li><strong>Lietuva:\u00a0<\/strong>Swedbank, SEB, Luminor, Citadele, \u0160iauli\u0173 bank, Revolut, N26<\/li><li><strong>Igaunija:\u00a0<\/strong>Swedbank, SEB, Luminor, LHV, Pocopay, Coop Pank, Citadele, Revolut, N26<\/li><\/ul><p><strong>2. Nor\u0113\u0137ins tie\u0161saist\u0113 ar bankas Visa\/Mastercard karti.<\/strong><\/p><p>\u00a0<\/p><p>P\u0113c pas\u016bt\u012bjuma apmaksas:<\/p><ul><li>Veicot pas\u016bt\u012bjumu sa\u0146emsiet e-pastu par to, ka pas\u016bt\u012bjums ir apstiprin\u0101ts.<\/li><li>Pas\u016bt\u012bjums tiek komplekt\u0113ts darba dien\u0101s no 11:00-19:00.<\/li><li>Ja pas\u016bt\u012bjum\u0101 b\u016bs nepiecie\u0161amas korekcijas vai labojumi, m\u0113s ar Jums sazin\u0101simies.<\/li><li>P\u0113c pas\u016bt\u012bjuma apmaksas nodosim pas\u016bt\u012bjumu uz pieg\u0101di\u00a0<\/li><\/ul>\t\t\t\t\t\t\t\t<\/div>\n\t\t\t\t<\/div>\n\t\t\t\t\t<\/div>\n\t\t\t\t<\/div>\n\t\t\t\t<\/div>","protected":false},"excerpt":{"rendered":"<p>Apmaksas iesp\u0113jas Pied\u0101v\u0101jam 2 apmaksas veidus, ko varat izv\u0113l\u0113ties pie pas\u016bt\u012bjuma noform\u0113\u0161anas: 1. Nor\u0113\u0137ins tie\u0161saist\u0113 ar Internetbanku. Latvija:&nbsp;Swedbank, SEB, Citadele, Luminor, Revolut, N26 Lietuva:&nbsp;Swedbank, SEB, Luminor, Citadele, \u0160iauli\u0173 bank, Revolut,&#8230;<\/p>","protected":false},"author":2,"featured_media":2174,"parent":0,"menu_order":1,"comment_status":"closed","ping_status":"closed","template":"","meta":{"footnotes":""},"class_list":["post-2599","page","type-page","status-publish","has-post-thumbnail","hentry"],"aioseo_notices":[],"jetpack_sharing_enabled":true,"_links":{"self":[{"href":"https:\/\/www.ramriti.lv\/en\/wp-json\/wp\/v2\/pages\/2599","targetHints":{"allow":["GET"]}}],"collection":[{"href":"https:\/\/www.ramriti.lv\/en\/wp-json\/wp\/v2\/pages"}],"about":[{"href":"https:\/\/www.ramriti.lv\/en\/wp-json\/wp\/v2\/types\/page"}],"author":[{"embeddable":true,"href":"https:\/\/www.ramriti.lv\/en\/wp-json\/wp\/v2\/users\/2"}],"replies":[{"embeddable":true,"href":"https:\/\/www.ramriti.lv\/en\/wp-json\/wp\/v2\/comments?post=2599"}],"version-history":[{"count":0,"href":"https:\/\/www.ramriti.lv\/en\/wp-json\/wp\/v2\/pages\/2599\/revisions"}],"wp:featuredmedia":[{"embeddable":true,"href":"https:\/\/www.ramriti.lv\/en\/wp-json\/wp\/v2\/media\/2174"}],"wp:attachment":[{"href":"https:\/\/www.ramriti.lv\/en\/wp-json\/wp\/v2\/media?parent=2599"}],"curies":[{"name":"wp","href":"https:\/\/api.w.org\/{rel}","templated":true}]}}