{"id":2608,"date":"2023-06-11T11:56:48","date_gmt":"2023-06-11T11:56:48","guid":{"rendered":"http:\/\/test.ramriti.lv\/?page_id=2608"},"modified":"2023-08-15T16:08:09","modified_gmt":"2023-08-15T16:08:09","slug":"piegade","status":"publish","type":"page","link":"https:\/\/www.ramriti.lv\/en\/piegade\/","title":{"rendered":"Delivery"},"content":{"rendered":"<div data-elementor-type=\"wp-page\" data-elementor-id=\"2608\" class=\"elementor elementor-2608\">\n\t\t\t\t\t\t<section class=\"elementor-section elementor-top-section elementor-element elementor-element-71d9dffb elementor-section-stretched elementor-section-boxed elementor-section-height-default elementor-section-height-default wpr-particle-no wpr-jarallax-no wpr-parallax-no wpr-sticky-section-no\" data-id=\"71d9dffb\" data-element_type=\"section\" data-e-type=\"section\" data-settings=\"{&quot;stretch_section&quot;:&quot;section-stretched&quot;,&quot;background_background&quot;:&quot;classic&quot;}\">\n\t\t\t\t\t\t\t<div class=\"elementor-background-overlay\"><\/div>\n\t\t\t\t\t\t\t<div class=\"elementor-container elementor-column-gap-no\">\n\t\t\t\t\t<div class=\"elementor-column elementor-col-100 elementor-top-column elementor-element elementor-element-41273c60\" data-id=\"41273c60\" data-element_type=\"column\" data-e-type=\"column\">\n\t\t\t<div class=\"elementor-widget-wrap elementor-element-populated\">\n\t\t\t\t\t\t<div class=\"elementor-element elementor-element-7d82258e elementor-widget elementor-widget-heading\" data-id=\"7d82258e\" data-element_type=\"widget\" data-e-type=\"widget\" data-widget_type=\"heading.default\">\n\t\t\t\t<div class=\"elementor-widget-container\">\n\t\t\t\t\t<h2 class=\"elementor-heading-title elementor-size-default\">Delivery<\/h2>\t\t\t\t<\/div>\n\t\t\t\t<\/div>\n\t\t\t\t\t<\/div>\n\t\t<\/div>\n\t\t\t\t\t<\/div>\n\t\t<\/section>\n\t\t<div class=\"elementor-element elementor-element-a26a568 e-flex e-con-boxed wpr-particle-no wpr-jarallax-no wpr-parallax-no wpr-sticky-section-no e-con e-parent\" data-id=\"a26a568\" data-element_type=\"container\" data-e-type=\"container\">\n\t\t\t\t\t<div class=\"e-con-inner\">\n\t\t\t\t<div class=\"elementor-element elementor-element-33c275a elementor-widget elementor-widget-text-editor\" data-id=\"33c275a\" data-element_type=\"widget\" data-e-type=\"widget\" data-widget_type=\"text-editor.default\">\n\t\t\t\t<div class=\"elementor-widget-container\">\n\t\t\t\t\t\t\t\t\t<p>Pas\u016bt\u012bjuma pieg\u0101des veidu var\u0113siet izv\u0113l\u0113ties iepirkuma groz\u0101.<\/p><p><strong>Pieejami \u0161\u0101di GALVENIE pieg\u0101des veidi:<\/strong><\/p><p>1) DPD pakom\u0101ts<br \/>2) Iz\u0146emt pas\u016bt\u012bjumu pie mums R\u0101mritu saimniec\u012bb\u0101, Iecavas novad\u0101\u00a0\u00a0<\/p><p>Pre\u010du pieg\u0101des termi\u0146i no pas\u016bt\u012bjuma apmaksas (pieg\u0101de notiek darba dien\u0101s un darba laik\u0101):<\/p><ul><li>Uz pakom\u0101tu &#8211; apm\u0113ram 3 darba dienu laik\u0101.<\/li><li>Lietuv\u0101 un Igaunij\u0101 &#8211; apm\u0113ram 5 darba dienu laik\u0101.<\/li><li>Citas valstis &#8211; p\u0113c vieno\u0161an\u0101s.<\/li><\/ul><h4>Pieg\u0101de var kav\u0113ties atkar\u012bb\u0101 no kurjerdienesta noslogojuma.<\/h4><ul><li><strong>DPD pakom\u0101tu<\/strong>\u00a0var\u0113siet izv\u0113l\u0113ties no pied\u0101v\u0101t\u0101 saraksta.\u00a0<strong>DPD\u00a0<\/strong>pakom\u0101tu atra\u0161an\u0101s vietas varat apskat\u012bt <a title=\"\u0160EIT\" href=\"https:\/\/www.dpdgroup.com\/lv\/mydpd\/parcel-shops\/search\" target=\"_blank\" rel=\"noopener noreferrer\"><strong>\u0160EIT<\/strong><\/a>.<\/li><\/ul><p><strong><br \/>\u012aPA\u0160O PRODUKTU PIED\u0100DE<br \/><\/strong>Da\u017ei no m\u016bsu produktiem ir j\u0101uzglab\u0101 atdzes\u0113ti, t\u0101da pati pras\u012bba ir nepiecie\u0161ama pieg\u0101des pakalpojumiem, t\u0101p\u0113c visi produktu pas\u016bt\u012bjumi ar embl\u0113mu IEROBE\u017dOTA PIEG\u0100DE (un visu pas\u016bt\u012bjumu grozi, kuros ir \u0161ie \u012bpa\u0161ie produkti) tiek pieg\u0101d\u0101ti tikai Latvij\u0101 uz IZIPIZI kurjera aukst\u0101s uzglab\u0101\u0161anas viet\u0101m, kas min\u0113tas pas\u016bt\u012bjuma form\u0101. Aptuvenais pieg\u0101des laiks R\u012bgai &#8211; 1 ned\u0113\u013ca.<\/p><p><strong>STARPTAUTISKIE PAS\u016aT\u012aJUMI<\/strong> <br \/>Ja v\u0113laties, lai m\u016bsu preces tiktu pieg\u0101d\u0101tas uz cit\u0101m valst\u012bm, nevis uz k\u0101du no Baltijas valst\u012bm, l\u016bdzu, sazinieties ar mums, lai atrastu jums piem\u0113rot\u0101ko pied\u0101v\u0101jumu.<br \/><br \/><strong>VAIRUMTIRDZNIEC\u012aBAS PAS\u016aT\u012aJUMI<\/strong><br \/>Pieg\u0101dei uz DPD pakom\u0101tiem maksim\u0101lais svara ierobe\u017eojums 1 pas\u016bt\u012bjumam ir 31,5 kg pas\u016bt\u012bjumiem Baltij\u0101 un 20 kg Polijai. Ja j\u016bs interes\u0113 lielapjoma pas\u016bt\u012bjumi, l\u016bdzu, sazinieties ar mums!<\/p><p>\u00a0<\/p>\t\t\t\t\t\t\t\t<\/div>\n\t\t\t\t<\/div>\n\t\t\t\t\t<\/div>\n\t\t\t\t<\/div>\n\t\t\t\t<\/div>","protected":false},"excerpt":{"rendered":"<p>Pieg\u0101de Pas\u016bt\u012bjuma pieg\u0101des veidu var\u0113siet izv\u0113l\u0113ties iepirkuma groz\u0101. Pieejami \u0161\u0101di GALVENIE pieg\u0101des veidi: 1) DPD pakom\u0101ts2) Iz\u0146emt pas\u016bt\u012bjumu pie mums R\u0101mritu saimniec\u012bb\u0101, Iecavas novad\u0101\u00a0\u00a0 Pre\u010du pieg\u0101des termi\u0146i no pas\u016bt\u012bjuma apmaksas&#8230;<\/p>","protected":false},"author":2,"featured_media":2174,"parent":0,"menu_order":11,"comment_status":"closed","ping_status":"closed","template":"","meta":{"footnotes":""},"class_list":["post-2608","page","type-page","status-publish","has-post-thumbnail","hentry"],"aioseo_notices":[],"jetpack_sharing_enabled":true,"_links":{"self":[{"href":"https:\/\/www.ramriti.lv\/en\/wp-json\/wp\/v2\/pages\/2608","targetHints":{"allow":["GET"]}}],"collection":[{"href":"https:\/\/www.ramriti.lv\/en\/wp-json\/wp\/v2\/pages"}],"about":[{"href":"https:\/\/www.ramriti.lv\/en\/wp-json\/wp\/v2\/types\/page"}],"author":[{"embeddable":true,"href":"https:\/\/www.ramriti.lv\/en\/wp-json\/wp\/v2\/users\/2"}],"replies":[{"embeddable":true,"href":"https:\/\/www.ramriti.lv\/en\/wp-json\/wp\/v2\/comments?post=2608"}],"version-history":[{"count":0,"href":"https:\/\/www.ramriti.lv\/en\/wp-json\/wp\/v2\/pages\/2608\/revisions"}],"wp:featuredmedia":[{"embeddable":true,"href":"https:\/\/www.ramriti.lv\/en\/wp-json\/wp\/v2\/media\/2174"}],"wp:attachment":[{"href":"https:\/\/www.ramriti.lv\/en\/wp-json\/wp\/v2\/media?parent=2608"}],"curies":[{"name":"wp","href":"https:\/\/api.w.org\/{rel}","templated":true}]}}