{"id":31,"date":"2022-08-24T14:14:30","date_gmt":"2022-08-24T14:14:30","guid":{"rendered":"https:\/\/xstore.8theme.com\/elementor\/demos\/beauty-and-cosmetics\/?page_id=31"},"modified":"2024-03-06T11:48:51","modified_gmt":"2024-03-06T11:48:51","slug":"stasts","status":"publish","type":"page","link":"https:\/\/www.ramriti.lv\/en\/stasts\/","title":{"rendered":"Our Story"},"content":{"rendered":"<div data-elementor-type=\"wp-page\" data-elementor-id=\"31\" class=\"elementor elementor-31\">\n\t\t\t\t\t\t<section class=\"elementor-section elementor-top-section elementor-element elementor-element-ab2849c elementor-section-stretched elementor-section-boxed elementor-section-height-default elementor-section-height-default wpr-particle-no wpr-jarallax-no wpr-parallax-no wpr-sticky-section-no\" data-id=\"ab2849c\" data-element_type=\"section\" data-e-type=\"section\" data-settings=\"{&quot;stretch_section&quot;:&quot;section-stretched&quot;,&quot;background_background&quot;:&quot;classic&quot;}\">\n\t\t\t\t\t\t\t<div class=\"elementor-background-overlay\"><\/div>\n\t\t\t\t\t\t\t<div class=\"elementor-container elementor-column-gap-no\">\n\t\t\t\t\t<div class=\"elementor-column elementor-col-100 elementor-top-column elementor-element elementor-element-74316a8\" data-id=\"74316a8\" data-element_type=\"column\" data-e-type=\"column\">\n\t\t\t<div class=\"elementor-widget-wrap elementor-element-populated\">\n\t\t\t\t\t\t<div class=\"elementor-element elementor-element-d745c5c elementor-widget elementor-widget-heading\" data-id=\"d745c5c\" data-element_type=\"widget\" data-e-type=\"widget\" data-widget_type=\"heading.default\">\n\t\t\t\t<div class=\"elementor-widget-container\">\n\t\t\t\t\t<h2 class=\"elementor-heading-title elementor-size-default\">Our Story<\/h2>\t\t\t\t<\/div>\n\t\t\t\t<\/div>\n\t\t\t\t<div class=\"elementor-element elementor-element-c424140 elementor-widget elementor-widget-text-editor\" data-id=\"c424140\" data-element_type=\"widget\" data-e-type=\"widget\" data-widget_type=\"text-editor.default\">\n\t\t\t\t<div class=\"elementor-widget-container\">\n\t\t\t\t\t\t\t\t\t<p>How in our nature sanctuary R\u0101mriti, we started to produce the delicacies of creamed honey<\/p>\t\t\t\t\t\t\t\t<\/div>\n\t\t\t\t<\/div>\n\t\t\t\t\t<\/div>\n\t\t<\/div>\n\t\t\t\t\t<\/div>\n\t\t<\/section>\n\t\t<div class=\"elementor-element elementor-element-c80c82b e-flex e-con-boxed wpr-particle-no wpr-jarallax-no wpr-parallax-no wpr-sticky-section-no e-con e-parent\" data-id=\"c80c82b\" data-element_type=\"container\" data-e-type=\"container\">\n\t\t\t\t\t<div class=\"e-con-inner\">\n\t\t\t\t\t<\/div>\n\t\t\t\t<\/div>\n\t\t\t\t<section class=\"elementor-section elementor-top-section elementor-element elementor-element-af76453 elementor-section-content-middle elementor-section-boxed elementor-section-height-default elementor-section-height-default wpr-particle-no wpr-jarallax-no wpr-parallax-no wpr-sticky-section-no\" data-id=\"af76453\" data-element_type=\"section\" data-e-type=\"section\">\n\t\t\t\t\t\t<div class=\"elementor-container elementor-column-gap-custom\">\n\t\t\t\t\t<div class=\"elementor-column elementor-col-50 elementor-top-column elementor-element elementor-element-df63022\" data-id=\"df63022\" data-element_type=\"column\" data-e-type=\"column\">\n\t\t\t<div class=\"elementor-widget-wrap elementor-element-populated\">\n\t\t\t\t\t\t<div class=\"elementor-element elementor-element-9fab09f elementor-widget elementor-widget-image\" data-id=\"9fab09f\" data-element_type=\"widget\" data-e-type=\"widget\" data-widget_type=\"image.default\">\n\t\t\t\t<div class=\"elementor-widget-container\">\n\t\t\t\t\t\t\t\t\t\t\t\t\t\t\t<img fetchpriority=\"high\" decoding=\"async\" width=\"700\" height=\"467\" src=\"https:\/\/www.ramriti.lv\/wp-content\/uploads\/ramriti-musu-stasts-2_web-10x7.jpg\" class=\"attachment-full size-full wp-image-2037 lazyload lazyload-lqip et-lazyload-fadeIn\" alt=\"\" sizes=\"(max-width: 700px) 100vw, 700px\" data-src=\"https:\/\/www.ramriti.lv\/wp-content\/uploads\/ramriti-musu-stasts-2_web.jpg\" data-srcset=\"https:\/\/www.ramriti.lv\/wp-content\/uploads\/ramriti-musu-stasts-2_web.jpg 700w, https:\/\/www.ramriti.lv\/wp-content\/uploads\/ramriti-musu-stasts-2_web-300x200.jpg 300w, https:\/\/www.ramriti.lv\/wp-content\/uploads\/ramriti-musu-stasts-2_web-600x400.jpg 600w, https:\/\/www.ramriti.lv\/wp-content\/uploads\/ramriti-musu-stasts-2_web-1x1.jpg 1w, https:\/\/www.ramriti.lv\/wp-content\/uploads\/ramriti-musu-stasts-2_web-10x7.jpg 10w\" srcset=\"https:\/\/www.ramriti.lv\/wp-content\/uploads\/ramriti-musu-stasts-2_web-10x7.jpg 10w, https:\/\/www.ramriti.lv\/wp-content\/uploads\/ramriti-musu-stasts-2_web-300x200.jpg 300w, https:\/\/www.ramriti.lv\/wp-content\/uploads\/ramriti-musu-stasts-2_web-600x400.jpg 600w, https:\/\/www.ramriti.lv\/wp-content\/uploads\/ramriti-musu-stasts-2_web-1x1.jpg 1w, https:\/\/www.ramriti.lv\/wp-content\/uploads\/ramriti-musu-stasts-2_web.jpg 700w\" \/>\t\t\t\t\t\t\t\t\t\t\t\t\t\t\t<\/div>\n\t\t\t\t<\/div>\n\t\t\t\t\t<\/div>\n\t\t<\/div>\n\t\t\t\t<div class=\"elementor-column elementor-col-50 elementor-top-column elementor-element elementor-element-9189682\" data-id=\"9189682\" data-element_type=\"column\" data-e-type=\"column\">\n\t\t\t<div class=\"elementor-widget-wrap elementor-element-populated\">\n\t\t\t\t\t\t<div class=\"elementor-element elementor-element-36e190f elementor-widget elementor-widget-heading\" data-id=\"36e190f\" data-element_type=\"widget\" data-e-type=\"widget\" data-widget_type=\"heading.default\">\n\t\t\t\t<div class=\"elementor-widget-container\">\n\t\t\t\t\t<h2 class=\"elementor-heading-title elementor-size-default\">Little dream grows bigger<\/h2>\t\t\t\t<\/div>\n\t\t\t\t<\/div>\n\t\t\t\t<div class=\"elementor-element elementor-element-6f7ae46 elementor-widget elementor-widget-text-editor\" data-id=\"6f7ae46\" data-element_type=\"widget\" data-e-type=\"widget\" data-widget_type=\"text-editor.default\">\n\t\t\t\t<div class=\"elementor-widget-container\">\n\t\t\t\t\t\t\t\t\t<p>As a real traveller and a seeker whose heart have been filled with the most beautiful places in the world, fascinating experiences as a chef and deep teachings of soul, I have never stopped dreaming and making my dreams come true. From the high Himalayas and metropolitan skyscrapers, I have come to peaceful rural roads and natural rhythms of our beautiful nature. It is where I combine those notes felt in the different tastes of the world, those met in the silence of nature, and notes of my heart as a journey of taste and sensations offered for You.<\/p>\t\t\t\t\t\t\t\t<\/div>\n\t\t\t\t<\/div>\n\t\t\t\t\t<\/div>\n\t\t<\/div>\n\t\t\t\t\t<\/div>\n\t\t<\/section>\n\t\t\t\t<section class=\"elementor-section elementor-top-section elementor-element elementor-element-fb99633 elementor-section-content-middle elementor-reverse-mobile elementor-section-boxed elementor-section-height-default elementor-section-height-default wpr-particle-no wpr-jarallax-no wpr-parallax-no wpr-sticky-section-no\" data-id=\"fb99633\" data-element_type=\"section\" data-e-type=\"section\">\n\t\t\t\t\t\t<div class=\"elementor-container elementor-column-gap-custom\">\n\t\t\t\t\t<div class=\"elementor-column elementor-col-50 elementor-top-column elementor-element elementor-element-a50cd3c\" data-id=\"a50cd3c\" data-element_type=\"column\" data-e-type=\"column\">\n\t\t\t<div class=\"elementor-widget-wrap elementor-element-populated\">\n\t\t\t\t\t\t<div class=\"elementor-element elementor-element-b3b82e9 elementor-widget elementor-widget-heading\" data-id=\"b3b82e9\" data-element_type=\"widget\" data-e-type=\"widget\" data-widget_type=\"heading.default\">\n\t\t\t\t<div class=\"elementor-widget-container\">\n\t\t\t\t\t<h2 class=\"elementor-heading-title elementor-size-default\">While bees are looking for the best flower meadows<\/h2>\t\t\t\t<\/div>\n\t\t\t\t<\/div>\n\t\t\t\t<div class=\"elementor-element elementor-element-30f260a elementor-widget elementor-widget-text-editor\" data-id=\"30f260a\" data-element_type=\"widget\" data-e-type=\"widget\" data-widget_type=\"text-editor.default\">\n\t\t\t\t<div class=\"elementor-widget-container\">\n\t\t\t\t\t\t\t\t\t<p>In Ramriti morning begins early, both for bees and for me - the carer of \u00a0hardworking bee family in collection of honey nectar and pollen. Blessed by the first sunbeams and songs of birds, each morning Ramriti bees go out in their quest to find those real blossoming flowers that will share their sweetness with them generously today. From one flower to another, they travel to fill the hive cells \u00a0with the serene sweetness of the meadows of ancient Iecava valley.<\/p>\t\t\t\t\t\t\t\t<\/div>\n\t\t\t\t<\/div>\n\t\t\t\t\t<\/div>\n\t\t<\/div>\n\t\t\t\t<div class=\"elementor-column elementor-col-50 elementor-top-column elementor-element elementor-element-d25100b\" data-id=\"d25100b\" data-element_type=\"column\" data-e-type=\"column\">\n\t\t\t<div class=\"elementor-widget-wrap elementor-element-populated\">\n\t\t\t\t\t\t<div class=\"elementor-element elementor-element-2c6226e elementor-widget elementor-widget-image\" data-id=\"2c6226e\" data-element_type=\"widget\" data-e-type=\"widget\" data-widget_type=\"image.default\">\n\t\t\t\t<div class=\"elementor-widget-container\">\n\t\t\t\t\t\t\t\t\t\t\t\t\t\t\t<img decoding=\"async\" width=\"700\" height=\"467\" src=\"https:\/\/www.ramriti.lv\/wp-content\/uploads\/ramriti-5_web-10x7.jpg\" class=\"attachment-full size-full wp-image-2039 lazyload lazyload-lqip et-lazyload-fadeIn\" alt=\"\" sizes=\"(max-width: 700px) 100vw, 700px\" data-src=\"https:\/\/www.ramriti.lv\/wp-content\/uploads\/ramriti-5_web.jpg\" data-srcset=\"https:\/\/www.ramriti.lv\/wp-content\/uploads\/ramriti-5_web.jpg 700w, https:\/\/www.ramriti.lv\/wp-content\/uploads\/ramriti-5_web-300x200.jpg 300w, https:\/\/www.ramriti.lv\/wp-content\/uploads\/ramriti-5_web-600x400.jpg 600w, https:\/\/www.ramriti.lv\/wp-content\/uploads\/ramriti-5_web-1x1.jpg 1w, https:\/\/www.ramriti.lv\/wp-content\/uploads\/ramriti-5_web-10x7.jpg 10w\" srcset=\"https:\/\/www.ramriti.lv\/wp-content\/uploads\/ramriti-5_web-10x7.jpg 10w, https:\/\/www.ramriti.lv\/wp-content\/uploads\/ramriti-5_web-300x200.jpg 300w, https:\/\/www.ramriti.lv\/wp-content\/uploads\/ramriti-5_web-600x400.jpg 600w, https:\/\/www.ramriti.lv\/wp-content\/uploads\/ramriti-5_web-1x1.jpg 1w, https:\/\/www.ramriti.lv\/wp-content\/uploads\/ramriti-5_web.jpg 700w\" \/>\t\t\t\t\t\t\t\t\t\t\t\t\t\t\t<\/div>\n\t\t\t\t<\/div>\n\t\t\t\t\t<\/div>\n\t\t<\/div>\n\t\t\t\t\t<\/div>\n\t\t<\/section>\n\t\t\t\t<section class=\"elementor-section elementor-top-section elementor-element elementor-element-d7a4eb1 elementor-section-content-middle elementor-section-boxed elementor-section-height-default elementor-section-height-default wpr-particle-no wpr-jarallax-no wpr-parallax-no wpr-sticky-section-no\" data-id=\"d7a4eb1\" data-element_type=\"section\" data-e-type=\"section\">\n\t\t\t\t\t\t<div class=\"elementor-container elementor-column-gap-custom\">\n\t\t\t\t\t<div class=\"elementor-column elementor-col-50 elementor-top-column elementor-element elementor-element-59e1c5f\" data-id=\"59e1c5f\" data-element_type=\"column\" data-e-type=\"column\">\n\t\t\t<div class=\"elementor-widget-wrap elementor-element-populated\">\n\t\t\t\t\t\t<div class=\"elementor-element elementor-element-9566f23 elementor-widget elementor-widget-image\" data-id=\"9566f23\" data-element_type=\"widget\" data-e-type=\"widget\" data-widget_type=\"image.default\">\n\t\t\t\t<div class=\"elementor-widget-container\">\n\t\t\t\t\t\t\t\t\t\t\t\t\t\t\t<img decoding=\"async\" width=\"812\" height=\"542\" src=\"https:\/\/www.ramriti.lv\/wp-content\/uploads\/ramriti-ekskursijas-10x7.jpg\" class=\"attachment-full size-full wp-image-4862 lazyload lazyload-lqip et-lazyload-fadeIn\" alt=\"\" sizes=\"(max-width: 812px) 100vw, 812px\" data-src=\"https:\/\/www.ramriti.lv\/wp-content\/uploads\/ramriti-ekskursijas.jpg\" data-srcset=\"https:\/\/www.ramriti.lv\/wp-content\/uploads\/ramriti-ekskursijas.jpg 812w, https:\/\/www.ramriti.lv\/wp-content\/uploads\/ramriti-ekskursijas-300x200.jpg 300w, https:\/\/www.ramriti.lv\/wp-content\/uploads\/ramriti-ekskursijas-210x140.jpg 210w, https:\/\/www.ramriti.lv\/wp-content\/uploads\/ramriti-ekskursijas-768x513.jpg 768w, https:\/\/www.ramriti.lv\/wp-content\/uploads\/ramriti-ekskursijas-600x400.jpg 600w, https:\/\/www.ramriti.lv\/wp-content\/uploads\/ramriti-ekskursijas-1x1.jpg 1w, https:\/\/www.ramriti.lv\/wp-content\/uploads\/ramriti-ekskursijas-10x7.jpg 10w\" srcset=\"https:\/\/www.ramriti.lv\/wp-content\/uploads\/ramriti-ekskursijas-10x7.jpg 10w, https:\/\/www.ramriti.lv\/wp-content\/uploads\/ramriti-ekskursijas-300x200.jpg 300w, https:\/\/www.ramriti.lv\/wp-content\/uploads\/ramriti-ekskursijas-210x140.jpg 210w, https:\/\/www.ramriti.lv\/wp-content\/uploads\/ramriti-ekskursijas-768x513.jpg 768w, https:\/\/www.ramriti.lv\/wp-content\/uploads\/ramriti-ekskursijas-600x400.jpg 600w, https:\/\/www.ramriti.lv\/wp-content\/uploads\/ramriti-ekskursijas-1x1.jpg 1w, https:\/\/www.ramriti.lv\/wp-content\/uploads\/ramriti-ekskursijas.jpg 812w\" \/>\t\t\t\t\t\t\t\t\t\t\t\t\t\t\t<\/div>\n\t\t\t\t<\/div>\n\t\t\t\t\t<\/div>\n\t\t<\/div>\n\t\t\t\t<div class=\"elementor-column elementor-col-50 elementor-top-column elementor-element elementor-element-7f679d6\" data-id=\"7f679d6\" data-element_type=\"column\" data-e-type=\"column\">\n\t\t\t<div class=\"elementor-widget-wrap elementor-element-populated\">\n\t\t\t\t\t\t<div class=\"elementor-element elementor-element-52856d7 elementor-widget elementor-widget-heading\" data-id=\"52856d7\" data-element_type=\"widget\" data-e-type=\"widget\" data-widget_type=\"heading.default\">\n\t\t\t\t<div class=\"elementor-widget-container\">\n\t\t\t\t\t<h2 class=\"elementor-heading-title elementor-size-default\">We create unique bouquets of flavors<\/h2>\t\t\t\t<\/div>\n\t\t\t\t<\/div>\n\t\t\t\t<div class=\"elementor-element elementor-element-18d08c6 elementor-widget elementor-widget-text-editor\" data-id=\"18d08c6\" data-element_type=\"widget\" data-e-type=\"widget\" data-widget_type=\"text-editor.default\">\n\t\t\t\t<div class=\"elementor-widget-container\">\n\t\t\t\t\t\t\t\t\t<p>Equally diligent is my curiosity as a chef for different flavors, that\u00a0encourages me to look for more and more nuanced and consistent notes of taste to add to the synergy of flowers and bees. Not only to add, but also make it especially enjoyable by turning the tune of these flavors to twirl in a\u00a0creamy dance. <br \/>You are welcomed to join this adventure and open up the delicious world of creamed honey, in which every treat is like a real journey.\u00a0<\/p><p>Enjoy our treats!<br \/>Otto<\/p>\t\t\t\t\t\t\t\t<\/div>\n\t\t\t\t<\/div>\n\t\t\t\t\t<\/div>\n\t\t<\/div>\n\t\t\t\t\t<\/div>\n\t\t<\/section>\n\t\t\t\t<\/div>","protected":false},"excerpt":{"rendered":"<p>M\u016bsu st\u0101sts k\u0101 R\u0101mritos &#8211; m\u016bsu dabas sv\u0113tn\u012bc\u0101 rodas putot\u0101 medus gardumi Mazs sapnis p\u0101rtop lielaj\u0101 K\u0101 \u012bsts ce\u013cot\u0101js un mekl\u0113t\u0101js, kura sirdi pild\u012bju\u0161as ce\u013c\u0101 sastapt\u0101s pasaules skaist\u0101k\u0101s vietas, aizraujo\u0161\u0101s&#8230;<\/p>","protected":false},"author":2,"featured_media":2174,"parent":0,"menu_order":23,"comment_status":"closed","ping_status":"closed","template":"","meta":{"footnotes":""},"class_list":["post-31","page","type-page","status-publish","has-post-thumbnail","hentry"],"aioseo_notices":[],"jetpack_sharing_enabled":true,"_links":{"self":[{"href":"https:\/\/www.ramriti.lv\/en\/wp-json\/wp\/v2\/pages\/31","targetHints":{"allow":["GET"]}}],"collection":[{"href":"https:\/\/www.ramriti.lv\/en\/wp-json\/wp\/v2\/pages"}],"about":[{"href":"https:\/\/www.ramriti.lv\/en\/wp-json\/wp\/v2\/types\/page"}],"author":[{"embeddable":true,"href":"https:\/\/www.ramriti.lv\/en\/wp-json\/wp\/v2\/users\/2"}],"replies":[{"embeddable":true,"href":"https:\/\/www.ramriti.lv\/en\/wp-json\/wp\/v2\/comments?post=31"}],"version-history":[{"count":4,"href":"https:\/\/www.ramriti.lv\/en\/wp-json\/wp\/v2\/pages\/31\/revisions"}],"predecessor-version":[{"id":4866,"href":"https:\/\/www.ramriti.lv\/en\/wp-json\/wp\/v2\/pages\/31\/revisions\/4866"}],"wp:featuredmedia":[{"embeddable":true,"href":"https:\/\/www.ramriti.lv\/en\/wp-json\/wp\/v2\/media\/2174"}],"wp:attachment":[{"href":"https:\/\/www.ramriti.lv\/en\/wp-json\/wp\/v2\/media?parent=31"}],"curies":[{"name":"wp","href":"https:\/\/api.w.org\/{rel}","templated":true}]}}