{"id":4856,"date":"2024-03-06T10:53:59","date_gmt":"2024-03-06T10:53:59","guid":{"rendered":"https:\/\/www.ramriti.lv\/?page_id=4856"},"modified":"2024-03-06T13:23:07","modified_gmt":"2024-03-06T13:23:07","slug":"ekskursijas","status":"publish","type":"page","link":"https:\/\/www.ramriti.lv\/en\/ekskursijas\/","title":{"rendered":"Farm tours"},"content":{"rendered":"<div data-elementor-type=\"wp-page\" data-elementor-id=\"4856\" class=\"elementor elementor-4856\">\n\t\t\t\t\t\t<section class=\"elementor-section elementor-top-section elementor-element elementor-element-ab2849c elementor-section-stretched elementor-section-boxed elementor-section-height-default elementor-section-height-default wpr-particle-no wpr-jarallax-no wpr-parallax-no wpr-sticky-section-no\" data-id=\"ab2849c\" data-element_type=\"section\" data-e-type=\"section\" data-settings=\"{&quot;stretch_section&quot;:&quot;section-stretched&quot;,&quot;background_background&quot;:&quot;classic&quot;}\">\n\t\t\t\t\t\t\t<div class=\"elementor-background-overlay\"><\/div>\n\t\t\t\t\t\t\t<div class=\"elementor-container elementor-column-gap-no\">\n\t\t\t\t\t<div class=\"elementor-column elementor-col-100 elementor-top-column elementor-element elementor-element-74316a8\" data-id=\"74316a8\" data-element_type=\"column\" data-e-type=\"column\">\n\t\t\t<div class=\"elementor-widget-wrap elementor-element-populated\">\n\t\t\t\t\t\t<div class=\"elementor-element elementor-element-d745c5c elementor-widget elementor-widget-heading\" data-id=\"d745c5c\" data-element_type=\"widget\" data-e-type=\"widget\" data-widget_type=\"heading.default\">\n\t\t\t\t<div class=\"elementor-widget-container\">\n\t\t\t\t\t<h2 class=\"elementor-heading-title elementor-size-default\">Tours and degustations in R\u0101mriti<\/h2>\t\t\t\t<\/div>\n\t\t\t\t<\/div>\n\t\t\t\t<div class=\"elementor-element elementor-element-c424140 elementor-widget elementor-widget-text-editor\" data-id=\"c424140\" data-element_type=\"widget\" data-e-type=\"widget\" data-widget_type=\"text-editor.default\">\n\t\t\t\t<div class=\"elementor-widget-container\">\n\t\t\t\t\t\t\t\t\t<p>Visit us to see our bees and how the praised honey treats are being made<\/p>\t\t\t\t\t\t\t\t<\/div>\n\t\t\t\t<\/div>\n\t\t\t\t\t<\/div>\n\t\t<\/div>\n\t\t\t\t\t<\/div>\n\t\t<\/section>\n\t\t<div class=\"elementor-element elementor-element-c80c82b e-flex e-con-boxed wpr-particle-no wpr-jarallax-no wpr-parallax-no wpr-sticky-section-no e-con e-parent\" data-id=\"c80c82b\" data-element_type=\"container\" data-e-type=\"container\">\n\t\t\t\t\t<div class=\"e-con-inner\">\n\t\t\t\t\t<\/div>\n\t\t\t\t<\/div>\n\t\t\t\t<section class=\"elementor-section elementor-top-section elementor-element elementor-element-af76453 elementor-section-content-middle elementor-section-boxed elementor-section-height-default elementor-section-height-default wpr-particle-no wpr-jarallax-no wpr-parallax-no wpr-sticky-section-no\" data-id=\"af76453\" data-element_type=\"section\" data-e-type=\"section\">\n\t\t\t\t\t\t<div class=\"elementor-container elementor-column-gap-custom\">\n\t\t\t\t\t<div class=\"elementor-column elementor-col-50 elementor-top-column elementor-element elementor-element-df63022\" data-id=\"df63022\" data-element_type=\"column\" data-e-type=\"column\">\n\t\t\t<div class=\"elementor-widget-wrap elementor-element-populated\">\n\t\t\t\t\t\t<div class=\"elementor-element elementor-element-9fab09f elementor-widget elementor-widget-image\" data-id=\"9fab09f\" data-element_type=\"widget\" data-e-type=\"widget\" data-widget_type=\"image.default\">\n\t\t\t\t<div class=\"elementor-widget-container\">\n\t\t\t\t\t\t\t\t\t\t\t\t\t\t\t<img fetchpriority=\"high\" decoding=\"async\" width=\"800\" height=\"800\" src=\"https:\/\/www.ramriti.lv\/wp-content\/uploads\/ramriti-ekskursijas6-10x10.jpg\" class=\"attachment-full size-full wp-image-4867 lazyload lazyload-lqip et-lazyload-fadeIn\" alt=\"\" sizes=\"(max-width: 800px) 100vw, 800px\" data-src=\"https:\/\/www.ramriti.lv\/wp-content\/uploads\/ramriti-ekskursijas6.jpg\" data-srcset=\"https:\/\/www.ramriti.lv\/wp-content\/uploads\/ramriti-ekskursijas6.jpg 800w, https:\/\/www.ramriti.lv\/wp-content\/uploads\/ramriti-ekskursijas6-300x300.jpg 300w, https:\/\/www.ramriti.lv\/wp-content\/uploads\/ramriti-ekskursijas6-140x140.jpg 140w, https:\/\/www.ramriti.lv\/wp-content\/uploads\/ramriti-ekskursijas6-150x150.jpg 150w, https:\/\/www.ramriti.lv\/wp-content\/uploads\/ramriti-ekskursijas6-768x768.jpg 768w, https:\/\/www.ramriti.lv\/wp-content\/uploads\/ramriti-ekskursijas6-600x600.jpg 600w, https:\/\/www.ramriti.lv\/wp-content\/uploads\/ramriti-ekskursijas6-100x100.jpg 100w, https:\/\/www.ramriti.lv\/wp-content\/uploads\/ramriti-ekskursijas6-1x1.jpg 1w, https:\/\/www.ramriti.lv\/wp-content\/uploads\/ramriti-ekskursijas6-10x10.jpg 10w\" srcset=\"https:\/\/www.ramriti.lv\/wp-content\/uploads\/ramriti-ekskursijas6-10x10.jpg 10w, https:\/\/www.ramriti.lv\/wp-content\/uploads\/ramriti-ekskursijas6-300x300.jpg 300w, https:\/\/www.ramriti.lv\/wp-content\/uploads\/ramriti-ekskursijas6-140x140.jpg 140w, https:\/\/www.ramriti.lv\/wp-content\/uploads\/ramriti-ekskursijas6-150x150.jpg 150w, https:\/\/www.ramriti.lv\/wp-content\/uploads\/ramriti-ekskursijas6-768x768.jpg 768w, https:\/\/www.ramriti.lv\/wp-content\/uploads\/ramriti-ekskursijas6-600x600.jpg 600w, https:\/\/www.ramriti.lv\/wp-content\/uploads\/ramriti-ekskursijas6-100x100.jpg 100w, https:\/\/www.ramriti.lv\/wp-content\/uploads\/ramriti-ekskursijas6-1x1.jpg 1w, https:\/\/www.ramriti.lv\/wp-content\/uploads\/ramriti-ekskursijas6.jpg 800w\" \/>\t\t\t\t\t\t\t\t\t\t\t\t\t\t\t<\/div>\n\t\t\t\t<\/div>\n\t\t\t\t\t<\/div>\n\t\t<\/div>\n\t\t\t\t<div class=\"elementor-column elementor-col-50 elementor-top-column elementor-element elementor-element-9189682\" data-id=\"9189682\" data-element_type=\"column\" data-e-type=\"column\">\n\t\t\t<div class=\"elementor-widget-wrap elementor-element-populated\">\n\t\t\t\t\t\t<div class=\"elementor-element elementor-element-36e190f elementor-widget elementor-widget-heading\" data-id=\"36e190f\" data-element_type=\"widget\" data-e-type=\"widget\" data-widget_type=\"heading.default\">\n\t\t\t\t<div class=\"elementor-widget-container\">\n\t\t\t\t\t<h2 class=\"elementor-heading-title elementor-size-default\">You will be able to see how the most delicious creamed honey is made<\/h2>\t\t\t\t<\/div>\n\t\t\t\t<\/div>\n\t\t\t\t<div class=\"elementor-element elementor-element-6f7ae46 elementor-widget elementor-widget-text-editor\" data-id=\"6f7ae46\" data-element_type=\"widget\" data-e-type=\"widget\" data-widget_type=\"text-editor.default\">\n\t\t\t\t<div class=\"elementor-widget-container\">\n\t\t\t\t\t\t\t\t\t<p>Will see our production facilities and  production process - how raw honey, collected by bees turns into tempting creamed honey with different flavours.<\/p>\t\t\t\t\t\t\t\t<\/div>\n\t\t\t\t<\/div>\n\t\t\t\t\t<\/div>\n\t\t<\/div>\n\t\t\t\t\t<\/div>\n\t\t<\/section>\n\t\t\t\t<section class=\"elementor-section elementor-top-section elementor-element elementor-element-fb99633 elementor-section-content-middle elementor-reverse-mobile elementor-section-boxed elementor-section-height-default elementor-section-height-default wpr-particle-no wpr-jarallax-no wpr-parallax-no wpr-sticky-section-no\" data-id=\"fb99633\" data-element_type=\"section\" data-e-type=\"section\">\n\t\t\t\t\t\t<div class=\"elementor-container elementor-column-gap-custom\">\n\t\t\t\t\t<div class=\"elementor-column elementor-col-50 elementor-top-column elementor-element elementor-element-a50cd3c\" data-id=\"a50cd3c\" data-element_type=\"column\" data-e-type=\"column\">\n\t\t\t<div class=\"elementor-widget-wrap elementor-element-populated\">\n\t\t\t\t\t\t<div class=\"elementor-element elementor-element-b3b82e9 elementor-widget elementor-widget-heading\" data-id=\"b3b82e9\" data-element_type=\"widget\" data-e-type=\"widget\" data-widget_type=\"heading.default\">\n\t\t\t\t<div class=\"elementor-widget-container\">\n\t\t\t\t\t<h2 class=\"elementor-heading-title elementor-size-default\">Taste all kinds of our creamed honey and buy the ones you liked the most<\/h2>\t\t\t\t<\/div>\n\t\t\t\t<\/div>\n\t\t\t\t<div class=\"elementor-element elementor-element-30f260a elementor-widget elementor-widget-text-editor\" data-id=\"30f260a\" data-element_type=\"widget\" data-e-type=\"widget\" data-widget_type=\"text-editor.default\">\n\t\t\t\t<div class=\"elementor-widget-container\">\n\t\t\t\t\t\t\t\t\t<p>From the local aromatic Meadowsweet, and the delicious Lemon &amp; Ginger, to the healthy Propolis &amp; Turmeric and the excellent Ecuadorian Chocolate &amp; Almonds - you will be able to taste more than 10 types of our creamed honey and other honey delicacies to find the right one! \u00a0<\/p>\t\t\t\t\t\t\t\t<\/div>\n\t\t\t\t<\/div>\n\t\t\t\t\t<\/div>\n\t\t<\/div>\n\t\t\t\t<div class=\"elementor-column elementor-col-50 elementor-top-column elementor-element elementor-element-d25100b\" data-id=\"d25100b\" data-element_type=\"column\" data-e-type=\"column\">\n\t\t\t<div class=\"elementor-widget-wrap elementor-element-populated\">\n\t\t\t\t\t\t<div class=\"elementor-element elementor-element-2c6226e elementor-widget elementor-widget-image\" data-id=\"2c6226e\" data-element_type=\"widget\" data-e-type=\"widget\" data-widget_type=\"image.default\">\n\t\t\t\t<div class=\"elementor-widget-container\">\n\t\t\t\t\t\t\t\t\t\t\t\t\t\t\t<img decoding=\"async\" width=\"800\" height=\"800\" src=\"https:\/\/www.ramriti.lv\/wp-content\/uploads\/ramriti-ekskursijas-1-10x10.jpg\" class=\"attachment-full size-full wp-image-4860 lazyload lazyload-lqip et-lazyload-fadeIn\" alt=\"\" sizes=\"(max-width: 800px) 100vw, 800px\" data-src=\"https:\/\/www.ramriti.lv\/wp-content\/uploads\/ramriti-ekskursijas-1.jpg\" data-srcset=\"https:\/\/www.ramriti.lv\/wp-content\/uploads\/ramriti-ekskursijas-1.jpg 800w, https:\/\/www.ramriti.lv\/wp-content\/uploads\/ramriti-ekskursijas-1-300x300.jpg 300w, https:\/\/www.ramriti.lv\/wp-content\/uploads\/ramriti-ekskursijas-1-140x140.jpg 140w, https:\/\/www.ramriti.lv\/wp-content\/uploads\/ramriti-ekskursijas-1-150x150.jpg 150w, https:\/\/www.ramriti.lv\/wp-content\/uploads\/ramriti-ekskursijas-1-768x768.jpg 768w, https:\/\/www.ramriti.lv\/wp-content\/uploads\/ramriti-ekskursijas-1-600x600.jpg 600w, https:\/\/www.ramriti.lv\/wp-content\/uploads\/ramriti-ekskursijas-1-100x100.jpg 100w, https:\/\/www.ramriti.lv\/wp-content\/uploads\/ramriti-ekskursijas-1-1x1.jpg 1w, https:\/\/www.ramriti.lv\/wp-content\/uploads\/ramriti-ekskursijas-1-10x10.jpg 10w\" srcset=\"https:\/\/www.ramriti.lv\/wp-content\/uploads\/ramriti-ekskursijas-1-10x10.jpg 10w, https:\/\/www.ramriti.lv\/wp-content\/uploads\/ramriti-ekskursijas-1-300x300.jpg 300w, https:\/\/www.ramriti.lv\/wp-content\/uploads\/ramriti-ekskursijas-1-140x140.jpg 140w, https:\/\/www.ramriti.lv\/wp-content\/uploads\/ramriti-ekskursijas-1-150x150.jpg 150w, https:\/\/www.ramriti.lv\/wp-content\/uploads\/ramriti-ekskursijas-1-768x768.jpg 768w, https:\/\/www.ramriti.lv\/wp-content\/uploads\/ramriti-ekskursijas-1-600x600.jpg 600w, https:\/\/www.ramriti.lv\/wp-content\/uploads\/ramriti-ekskursijas-1-100x100.jpg 100w, https:\/\/www.ramriti.lv\/wp-content\/uploads\/ramriti-ekskursijas-1-1x1.jpg 1w, https:\/\/www.ramriti.lv\/wp-content\/uploads\/ramriti-ekskursijas-1.jpg 800w\" \/>\t\t\t\t\t\t\t\t\t\t\t\t\t\t\t<\/div>\n\t\t\t\t<\/div>\n\t\t\t\t\t<\/div>\n\t\t<\/div>\n\t\t\t\t\t<\/div>\n\t\t<\/section>\n\t\t\t\t<section class=\"elementor-section elementor-top-section elementor-element elementor-element-d7a4eb1 elementor-section-content-middle elementor-section-boxed elementor-section-height-default elementor-section-height-default wpr-particle-no wpr-jarallax-no wpr-parallax-no wpr-sticky-section-no\" data-id=\"d7a4eb1\" data-element_type=\"section\" data-e-type=\"section\">\n\t\t\t\t\t\t<div class=\"elementor-container elementor-column-gap-custom\">\n\t\t\t\t\t<div class=\"elementor-column elementor-col-50 elementor-top-column elementor-element elementor-element-59e1c5f\" data-id=\"59e1c5f\" data-element_type=\"column\" data-e-type=\"column\">\n\t\t\t<div class=\"elementor-widget-wrap elementor-element-populated\">\n\t\t\t\t\t\t<div class=\"elementor-element elementor-element-9566f23 elementor-widget elementor-widget-image\" data-id=\"9566f23\" data-element_type=\"widget\" data-e-type=\"widget\" data-widget_type=\"image.default\">\n\t\t\t\t<div class=\"elementor-widget-container\">\n\t\t\t\t\t\t\t\t\t\t\t\t\t\t\t<img decoding=\"async\" width=\"800\" height=\"800\" src=\"https:\/\/www.ramriti.lv\/wp-content\/uploads\/ramriti-ekskursijas-bisu-gulta-10x10.jpg\" class=\"attachment-full size-full wp-image-4859 lazyload lazyload-lqip et-lazyload-fadeIn\" alt=\"\" sizes=\"(max-width: 800px) 100vw, 800px\" data-src=\"https:\/\/www.ramriti.lv\/wp-content\/uploads\/ramriti-ekskursijas-bisu-gulta.jpg\" data-srcset=\"https:\/\/www.ramriti.lv\/wp-content\/uploads\/ramriti-ekskursijas-bisu-gulta.jpg 800w, https:\/\/www.ramriti.lv\/wp-content\/uploads\/ramriti-ekskursijas-bisu-gulta-300x300.jpg 300w, https:\/\/www.ramriti.lv\/wp-content\/uploads\/ramriti-ekskursijas-bisu-gulta-140x140.jpg 140w, https:\/\/www.ramriti.lv\/wp-content\/uploads\/ramriti-ekskursijas-bisu-gulta-150x150.jpg 150w, https:\/\/www.ramriti.lv\/wp-content\/uploads\/ramriti-ekskursijas-bisu-gulta-768x768.jpg 768w, https:\/\/www.ramriti.lv\/wp-content\/uploads\/ramriti-ekskursijas-bisu-gulta-600x600.jpg 600w, https:\/\/www.ramriti.lv\/wp-content\/uploads\/ramriti-ekskursijas-bisu-gulta-100x100.jpg 100w, https:\/\/www.ramriti.lv\/wp-content\/uploads\/ramriti-ekskursijas-bisu-gulta-1x1.jpg 1w, https:\/\/www.ramriti.lv\/wp-content\/uploads\/ramriti-ekskursijas-bisu-gulta-10x10.jpg 10w\" srcset=\"https:\/\/www.ramriti.lv\/wp-content\/uploads\/ramriti-ekskursijas-bisu-gulta-10x10.jpg 10w, https:\/\/www.ramriti.lv\/wp-content\/uploads\/ramriti-ekskursijas-bisu-gulta-300x300.jpg 300w, https:\/\/www.ramriti.lv\/wp-content\/uploads\/ramriti-ekskursijas-bisu-gulta-140x140.jpg 140w, https:\/\/www.ramriti.lv\/wp-content\/uploads\/ramriti-ekskursijas-bisu-gulta-150x150.jpg 150w, https:\/\/www.ramriti.lv\/wp-content\/uploads\/ramriti-ekskursijas-bisu-gulta-768x768.jpg 768w, https:\/\/www.ramriti.lv\/wp-content\/uploads\/ramriti-ekskursijas-bisu-gulta-600x600.jpg 600w, https:\/\/www.ramriti.lv\/wp-content\/uploads\/ramriti-ekskursijas-bisu-gulta-100x100.jpg 100w, https:\/\/www.ramriti.lv\/wp-content\/uploads\/ramriti-ekskursijas-bisu-gulta-1x1.jpg 1w, https:\/\/www.ramriti.lv\/wp-content\/uploads\/ramriti-ekskursijas-bisu-gulta.jpg 800w\" \/>\t\t\t\t\t\t\t\t\t\t\t\t\t\t\t<\/div>\n\t\t\t\t<\/div>\n\t\t\t\t\t<\/div>\n\t\t<\/div>\n\t\t\t\t<div class=\"elementor-column elementor-col-50 elementor-top-column elementor-element elementor-element-7f679d6\" data-id=\"7f679d6\" data-element_type=\"column\" data-e-type=\"column\">\n\t\t\t<div class=\"elementor-widget-wrap elementor-element-populated\">\n\t\t\t\t\t\t<div class=\"elementor-element elementor-element-52856d7 elementor-widget elementor-widget-heading\" data-id=\"52856d7\" data-element_type=\"widget\" data-e-type=\"widget\" data-widget_type=\"heading.default\">\n\t\t\t\t<div class=\"elementor-widget-container\">\n\t\t\t\t\t<h2 class=\"elementor-heading-title elementor-size-default\">Lay down on a special bees-bed<\/h2>\t\t\t\t<\/div>\n\t\t\t\t<\/div>\n\t\t\t\t<div class=\"elementor-element elementor-element-18d08c6 elementor-widget elementor-widget-text-editor\" data-id=\"18d08c6\" data-element_type=\"widget\" data-e-type=\"widget\" data-widget_type=\"text-editor.default\">\n\t\t\t\t<div class=\"elementor-widget-container\">\n\t\t\t\t\t\t\t\t\t<p>Unite with Nature in our apiary or come lay down on a special bee bed to feel the healing peace and buzzing while the bees bring honey to the hives below you.<\/p>\t\t\t\t\t\t\t\t<\/div>\n\t\t\t\t<\/div>\n\t\t\t\t\t<\/div>\n\t\t<\/div>\n\t\t\t\t\t<\/div>\n\t\t<\/section>\n\t\t\t\t<section class=\"elementor-section elementor-top-section elementor-element elementor-element-4eb264f elementor-section-content-middle elementor-reverse-mobile elementor-section-boxed elementor-section-height-default elementor-section-height-default wpr-particle-no wpr-jarallax-no wpr-parallax-no wpr-sticky-section-no\" data-id=\"4eb264f\" data-element_type=\"section\" data-e-type=\"section\">\n\t\t\t\t\t\t<div class=\"elementor-container elementor-column-gap-custom\">\n\t\t\t\t\t<div class=\"elementor-column elementor-col-50 elementor-top-column elementor-element elementor-element-136e64d\" data-id=\"136e64d\" data-element_type=\"column\" data-e-type=\"column\">\n\t\t\t<div class=\"elementor-widget-wrap elementor-element-populated\">\n\t\t\t\t\t\t<div class=\"elementor-element elementor-element-117e109 elementor-widget elementor-widget-heading\" data-id=\"117e109\" data-element_type=\"widget\" data-e-type=\"widget\" data-widget_type=\"heading.default\">\n\t\t\t\t<div class=\"elementor-widget-container\">\n\t\t\t\t\t<h2 class=\"elementor-heading-title elementor-size-default\">See our apiary and bees<\/h2>\t\t\t\t<\/div>\n\t\t\t\t<\/div>\n\t\t\t\t<div class=\"elementor-element elementor-element-d6b5b1a elementor-widget elementor-widget-text-editor\" data-id=\"d6b5b1a\" data-element_type=\"widget\" data-e-type=\"widget\" data-widget_type=\"text-editor.default\">\n\t\t\t\t<div class=\"elementor-widget-container\">\n\t\t\t\t\t\t\t\t\t<p>You will get to know interesting stories about the life of bees, how the bee pollen and beebread is being collected. You will have a chance to get into a role of a real beekeeper too!<\/p>\t\t\t\t\t\t\t\t<\/div>\n\t\t\t\t<\/div>\n\t\t\t\t\t<\/div>\n\t\t<\/div>\n\t\t\t\t<div class=\"elementor-column elementor-col-50 elementor-top-column elementor-element elementor-element-fa20f67\" data-id=\"fa20f67\" data-element_type=\"column\" data-e-type=\"column\">\n\t\t\t<div class=\"elementor-widget-wrap elementor-element-populated\">\n\t\t\t\t\t\t<div class=\"elementor-element elementor-element-728fd6b elementor-widget elementor-widget-image\" data-id=\"728fd6b\" data-element_type=\"widget\" data-e-type=\"widget\" data-widget_type=\"image.default\">\n\t\t\t\t<div class=\"elementor-widget-container\">\n\t\t\t\t\t\t\t\t\t\t\t\t\t\t\t<img loading=\"lazy\" decoding=\"async\" width=\"800\" height=\"800\" src=\"https:\/\/www.ramriti.lv\/wp-content\/uploads\/ramriti-ekskursijas-7-10x10.jpg\" class=\"attachment-full size-full wp-image-4868 lazyload lazyload-lqip et-lazyload-fadeIn\" alt=\"\" sizes=\"(max-width: 800px) 100vw, 800px\" data-src=\"https:\/\/www.ramriti.lv\/wp-content\/uploads\/ramriti-ekskursijas-7.jpg\" data-srcset=\"https:\/\/www.ramriti.lv\/wp-content\/uploads\/ramriti-ekskursijas-7.jpg 800w, https:\/\/www.ramriti.lv\/wp-content\/uploads\/ramriti-ekskursijas-7-300x300.jpg 300w, https:\/\/www.ramriti.lv\/wp-content\/uploads\/ramriti-ekskursijas-7-140x140.jpg 140w, https:\/\/www.ramriti.lv\/wp-content\/uploads\/ramriti-ekskursijas-7-150x150.jpg 150w, https:\/\/www.ramriti.lv\/wp-content\/uploads\/ramriti-ekskursijas-7-768x768.jpg 768w, https:\/\/www.ramriti.lv\/wp-content\/uploads\/ramriti-ekskursijas-7-600x600.jpg 600w, https:\/\/www.ramriti.lv\/wp-content\/uploads\/ramriti-ekskursijas-7-100x100.jpg 100w, https:\/\/www.ramriti.lv\/wp-content\/uploads\/ramriti-ekskursijas-7-1x1.jpg 1w, https:\/\/www.ramriti.lv\/wp-content\/uploads\/ramriti-ekskursijas-7-10x10.jpg 10w\" srcset=\"https:\/\/www.ramriti.lv\/wp-content\/uploads\/ramriti-ekskursijas-7-10x10.jpg 10w, https:\/\/www.ramriti.lv\/wp-content\/uploads\/ramriti-ekskursijas-7-300x300.jpg 300w, https:\/\/www.ramriti.lv\/wp-content\/uploads\/ramriti-ekskursijas-7-140x140.jpg 140w, https:\/\/www.ramriti.lv\/wp-content\/uploads\/ramriti-ekskursijas-7-150x150.jpg 150w, https:\/\/www.ramriti.lv\/wp-content\/uploads\/ramriti-ekskursijas-7-768x768.jpg 768w, https:\/\/www.ramriti.lv\/wp-content\/uploads\/ramriti-ekskursijas-7-600x600.jpg 600w, https:\/\/www.ramriti.lv\/wp-content\/uploads\/ramriti-ekskursijas-7-100x100.jpg 100w, https:\/\/www.ramriti.lv\/wp-content\/uploads\/ramriti-ekskursijas-7-1x1.jpg 1w, https:\/\/www.ramriti.lv\/wp-content\/uploads\/ramriti-ekskursijas-7.jpg 800w\" \/>\t\t\t\t\t\t\t\t\t\t\t\t\t\t\t<\/div>\n\t\t\t\t<\/div>\n\t\t\t\t\t<\/div>\n\t\t<\/div>\n\t\t\t\t\t<\/div>\n\t\t<\/section>\n\t\t\t\t<section class=\"elementor-section elementor-top-section elementor-element elementor-element-7f67f69 elementor-section-content-middle elementor-section-boxed elementor-section-height-default elementor-section-height-default wpr-particle-no wpr-jarallax-no wpr-parallax-no wpr-sticky-section-no\" data-id=\"7f67f69\" data-element_type=\"section\" data-e-type=\"section\">\n\t\t\t\t\t\t<div class=\"elementor-container elementor-column-gap-custom\">\n\t\t\t\t\t<div class=\"elementor-column elementor-col-50 elementor-top-column elementor-element elementor-element-b7b30a3\" data-id=\"b7b30a3\" data-element_type=\"column\" data-e-type=\"column\">\n\t\t\t<div class=\"elementor-widget-wrap elementor-element-populated\">\n\t\t\t\t\t\t<div class=\"elementor-element elementor-element-7241a18 elementor-widget elementor-widget-text-editor\" data-id=\"7241a18\" data-element_type=\"widget\" data-e-type=\"widget\" data-widget_type=\"text-editor.default\">\n\t\t\t\t<div class=\"elementor-widget-container\">\n\t\t\t\t\t\t\t\t\t<p>For group orders in advance, there is an option to enjoy latvian split pea soup  or kashmiri pilaf with fruits and nuts made on a wood fire.<\/p>\t\t\t\t\t\t\t\t<\/div>\n\t\t\t\t<\/div>\n\t\t\t\t\t<\/div>\n\t\t<\/div>\n\t\t\t\t<div class=\"elementor-column elementor-col-50 elementor-top-column elementor-element elementor-element-4a2753f\" data-id=\"4a2753f\" data-element_type=\"column\" data-e-type=\"column\">\n\t\t\t<div class=\"elementor-widget-wrap elementor-element-populated\">\n\t\t\t\t\t\t<div class=\"elementor-element elementor-element-fb128b6 elementor-widget elementor-widget-heading\" data-id=\"fb128b6\" data-element_type=\"widget\" data-e-type=\"widget\" data-widget_type=\"heading.default\">\n\t\t\t\t<div class=\"elementor-widget-container\">\n\t\t\t\t\t<h2 class=\"elementor-heading-title elementor-size-default\">Meal prepared on a wood fire <\/h2>\t\t\t\t<\/div>\n\t\t\t\t<\/div>\n\t\t\t\t\t<\/div>\n\t\t<\/div>\n\t\t\t\t\t<\/div>\n\t\t<\/section>\n\t\t<div class=\"elementor-element elementor-element-227afd0 e-con-full e-flex wpr-particle-no wpr-jarallax-no wpr-parallax-no wpr-sticky-section-no e-con e-parent\" data-id=\"227afd0\" data-element_type=\"container\" data-e-type=\"container\" data-settings=\"{&quot;background_background&quot;:&quot;classic&quot;}\">\n\t\t<div class=\"elementor-element elementor-element-f7bfdd7 e-flex e-con-boxed wpr-particle-no wpr-jarallax-no wpr-parallax-no wpr-sticky-section-no e-con e-child\" data-id=\"f7bfdd7\" data-element_type=\"container\" data-e-type=\"container\">\n\t\t\t\t\t<div class=\"e-con-inner\">\n\t\t\t\t<div class=\"elementor-element elementor-element-41c0e7f elementor-widget elementor-widget-heading\" data-id=\"41c0e7f\" data-element_type=\"widget\" data-e-type=\"widget\" data-widget_type=\"heading.default\">\n\t\t\t\t<div class=\"elementor-widget-container\">\n\t\t\t\t\t<h2 class=\"elementor-heading-title elementor-size-default\">Apply for a tour now!<\/h2>\t\t\t\t<\/div>\n\t\t\t\t<\/div>\n\t\t\t\t\t<\/div>\n\t\t\t\t<\/div>\n\t\t<div class=\"elementor-element elementor-element-b48dd2c e-flex e-con-boxed wpr-particle-no wpr-jarallax-no wpr-parallax-no wpr-sticky-section-no e-con e-child\" data-id=\"b48dd2c\" data-element_type=\"container\" data-e-type=\"container\">\n\t\t\t\t\t<div class=\"e-con-inner\">\n\t\t\t\t<div class=\"elementor-element elementor-element-f089b46 elementor-widget elementor-widget-text-editor\" data-id=\"f089b46\" data-element_type=\"widget\" data-e-type=\"widget\" data-widget_type=\"text-editor.default\">\n\t\t\t\t<div class=\"elementor-widget-container\">\n\t\t\t\t\t\t\t\t\t<p>+371 29525566 or info@ramriti.lv<\/p>\t\t\t\t\t\t\t\t<\/div>\n\t\t\t\t<\/div>\n\t\t\t\t\t<\/div>\n\t\t\t\t<\/div>\n\t\t\t\t<\/div>\n\t\t\t\t<\/div>","protected":false},"excerpt":{"rendered":"<p>Ekskursijas un degust\u0101cijas R\u0101mritos Brauc ciemos l\u016bkot bites un k\u0101 top izslav\u0113tie medus gardumi! Var\u0113si redz\u0113t, k\u0101 top gar\u0161\u012bg\u0101kie medus sufl\u0113 Apskat\u012bsi m\u016bsu ra\u017eotni un uzzin\u0101si par medus sufl\u0113 gatavo\u0161anas&#8230;<\/p>","protected":false},"author":2,"featured_media":2174,"parent":0,"menu_order":23,"comment_status":"closed","ping_status":"closed","template":"elementor_header_footer","meta":{"footnotes":""},"class_list":["post-4856","page","type-page","status-publish","has-post-thumbnail","hentry"],"aioseo_notices":[],"jetpack_sharing_enabled":true,"_links":{"self":[{"href":"https:\/\/www.ramriti.lv\/en\/wp-json\/wp\/v2\/pages\/4856","targetHints":{"allow":["GET"]}}],"collection":[{"href":"https:\/\/www.ramriti.lv\/en\/wp-json\/wp\/v2\/pages"}],"about":[{"href":"https:\/\/www.ramriti.lv\/en\/wp-json\/wp\/v2\/types\/page"}],"author":[{"embeddable":true,"href":"https:\/\/www.ramriti.lv\/en\/wp-json\/wp\/v2\/users\/2"}],"replies":[{"embeddable":true,"href":"https:\/\/www.ramriti.lv\/en\/wp-json\/wp\/v2\/comments?post=4856"}],"version-history":[{"count":40,"href":"https:\/\/www.ramriti.lv\/en\/wp-json\/wp\/v2\/pages\/4856\/revisions"}],"predecessor-version":[{"id":4918,"href":"https:\/\/www.ramriti.lv\/en\/wp-json\/wp\/v2\/pages\/4856\/revisions\/4918"}],"wp:featuredmedia":[{"embeddable":true,"href":"https:\/\/www.ramriti.lv\/en\/wp-json\/wp\/v2\/media\/2174"}],"wp:attachment":[{"href":"https:\/\/www.ramriti.lv\/en\/wp-json\/wp\/v2\/media?parent=4856"}],"curies":[{"name":"wp","href":"https:\/\/api.w.org\/{rel}","templated":true}]}}