{"id":5279,"date":"2024-11-29T10:31:23","date_gmt":"2024-11-29T10:31:23","guid":{"rendered":"https:\/\/www.ramriti.lv\/?page_id=5279"},"modified":"2024-12-02T10:47:55","modified_gmt":"2024-12-02T10:47:55","slug":"receptes","status":"publish","type":"page","link":"https:\/\/www.ramriti.lv\/en\/receptes\/","title":{"rendered":"Recipes"},"content":{"rendered":"<div data-elementor-type=\"wp-page\" data-elementor-id=\"5279\" class=\"elementor elementor-5279\">\n\t\t\t\t\t\t<section class=\"elementor-section elementor-top-section elementor-element elementor-element-ab2849c elementor-section-stretched elementor-section-boxed elementor-section-height-default elementor-section-height-default wpr-particle-no wpr-jarallax-no wpr-parallax-no wpr-sticky-section-no\" data-id=\"ab2849c\" data-element_type=\"section\" data-e-type=\"section\" data-settings=\"{&quot;stretch_section&quot;:&quot;section-stretched&quot;,&quot;background_background&quot;:&quot;classic&quot;}\">\n\t\t\t\t\t\t\t<div class=\"elementor-background-overlay\"><\/div>\n\t\t\t\t\t\t\t<div class=\"elementor-container elementor-column-gap-no\">\n\t\t\t\t\t<div class=\"elementor-column elementor-col-100 elementor-top-column elementor-element elementor-element-74316a8\" data-id=\"74316a8\" data-element_type=\"column\" data-e-type=\"column\">\n\t\t\t<div class=\"elementor-widget-wrap elementor-element-populated\">\n\t\t\t\t\t\t<div class=\"elementor-element elementor-element-d745c5c elementor-widget elementor-widget-heading\" data-id=\"d745c5c\" data-element_type=\"widget\" data-e-type=\"widget\" data-widget_type=\"heading.default\">\n\t\t\t\t<div class=\"elementor-widget-container\">\n\t\t\t\t\t<h2 class=\"elementor-heading-title elementor-size-default\">Recipes<\/h2>\t\t\t\t<\/div>\n\t\t\t\t<\/div>\n\t\t\t\t<div class=\"elementor-element elementor-element-c424140 elementor-widget elementor-widget-text-editor\" data-id=\"c424140\" data-element_type=\"widget\" data-e-type=\"widget\" data-widget_type=\"text-editor.default\">\n\t\t\t\t<div class=\"elementor-widget-container\">\n\t\t\t\t\t\t\t\t\t<p>Get inspired to prepare special meals with professional chefs and R\u0101mriti Creamed Honey!\u00a0 <\/p>\t\t\t\t\t\t\t\t<\/div>\n\t\t\t\t<\/div>\n\t\t\t\t\t<\/div>\n\t\t<\/div>\n\t\t\t\t\t<\/div>\n\t\t<\/section>\n\t\t<div class=\"elementor-element elementor-element-4617be3 e-flex e-con-boxed wpr-particle-no wpr-jarallax-no wpr-parallax-no wpr-sticky-section-no e-con e-parent\" data-id=\"4617be3\" data-element_type=\"container\" data-e-type=\"container\">\n\t\t\t\t\t<div class=\"e-con-inner\">\n\t\t\t\t\t<\/div>\n\t\t\t\t<\/div>\n\t\t<div class=\"elementor-element elementor-element-d5c171a e-flex e-con-boxed wpr-particle-no wpr-jarallax-no wpr-parallax-no wpr-sticky-section-no e-con e-parent\" data-id=\"d5c171a\" data-element_type=\"container\" data-e-type=\"container\">\n\t\t\t\t\t<div class=\"e-con-inner\">\n\t\t\t\t<div class=\"elementor-element elementor-element-fb86b4d eael-fg-card-content-align-left elementor-widget elementor-widget-eael-filterable-gallery\" data-id=\"fb86b4d\" data-element_type=\"widget\" data-e-type=\"widget\" data-settings=\"{&quot;photo_gallery&quot;:&quot;yes&quot;,&quot;pagination&quot;:&quot;false&quot;}\" data-widget_type=\"eael-filterable-gallery.default\">\n\t\t\t\t<div class=\"elementor-widget-container\">\n\t\t\t\t\t<style id=\"eael-fg-inline-css-fb86b4d\">@media only screen and (max-width: 2399px) {\n\t\t\t\t\t.elementor-element.elementor-element-fb86b4d .eael-filterable-gallery-item-wrap {\n\t\t\t\t\t        width: 33.333333333333%;\n\t\t\t\t\t    }\n\t\t\t\t\t}@media only screen and (max-width: 1024px) {\n\t\t\t\t\t.elementor-element.elementor-element-fb86b4d  .eael-filterable-gallery-item-wrap {\n\t\t\t\t\t        width: 50%;\n\t\t\t\t\t    }\n\t\t\t\t\t}@media only screen and (max-width: 767px) {\n\t\t\t\t\t.elementor-element.elementor-element-fb86b4d  .eael-filterable-gallery-item-wrap {\n\t\t\t\t\t        width: 100%;\n\t\t\t\t\t    }\n\t\t\t\t\t}<\/style>        <div id=\"eael-filter-gallery-wrapper-fb86b4d\" class=\"eael-filter-gallery-wrapper\" data-layout-mode=\"card\" data-breakpoints=\"{&quot;mobile&quot;:{&quot;label&quot;:&quot;Mobile Portrait&quot;,&quot;value&quot;:767,&quot;default_value&quot;:767,&quot;direction&quot;:&quot;max&quot;,&quot;is_enabled&quot;:true},&quot;mobile_extra&quot;:{&quot;label&quot;:&quot;Mobile Landscape&quot;,&quot;value&quot;:880,&quot;default_value&quot;:880,&quot;direction&quot;:&quot;max&quot;,&quot;is_enabled&quot;:false},&quot;tablet&quot;:{&quot;label&quot;:&quot;Tablet Portrait&quot;,&quot;value&quot;:1024,&quot;default_value&quot;:1024,&quot;direction&quot;:&quot;max&quot;,&quot;is_enabled&quot;:true},&quot;tablet_extra&quot;:{&quot;label&quot;:&quot;Tablet Landscape&quot;,&quot;value&quot;:1200,&quot;default_value&quot;:1200,&quot;direction&quot;:&quot;max&quot;,&quot;is_enabled&quot;:false},&quot;laptop&quot;:{&quot;label&quot;:&quot;Laptop&quot;,&quot;value&quot;:1366,&quot;default_value&quot;:1366,&quot;direction&quot;:&quot;max&quot;,&quot;is_enabled&quot;:false},&quot;widescreen&quot;:{&quot;label&quot;:&quot;Widescreen&quot;,&quot;value&quot;:2400,&quot;default_value&quot;:2400,&quot;direction&quot;:&quot;min&quot;,&quot;is_enabled&quot;:false}}\" data-default_control_key=\"0\" data-custom_default_control=\"\">\n                        <div class=\"eael-filter-gallery-control\">\n                <ul><li data-load-more-status=\"0\" data-first-init=\"1\" class=\"control all-control  active\" data-filter=\"*\">ALL<\/li><li  data-load-more-status=\"0\" data-first-init=\"0\"\n                        class=\"control\" data-filter=\".eael-cf-deserti\">DESSERTS<\/li><li  data-load-more-status=\"0\" data-first-init=\"0\"\n                        class=\"control\" data-filter=\".eael-cf-pamat\u0112diens\">MAIN COURSE<\/li><\/ul>\n            <\/div>\n                    <div class=\"eael-filter-gallery-container eael-filter-gallery-grid\" data-images-per-page=\"\" data-total-gallery-items=\"2\" data-nomore-item-text=\"\" data-is-randomize=\"no\" data-settings=\"{&quot;grid_style&quot;:&quot;grid&quot;,&quot;popup&quot;:&quot;buttons&quot;,&quot;duration&quot;:500,&quot;gallery_enabled&quot;:&quot;yes&quot;,&quot;video_gallery_yt_privacy&quot;:&quot;&quot;,&quot;control_all_text&quot;:&quot;VISI&quot;,&quot;post_id&quot;:5279,&quot;widget_id&quot;:&quot;fb86b4d&quot;}\" data-search-all=\"\" data-gallery-items=\"WyI8ZGl2IGNsYXNzPVwiZWFlbC1maWx0ZXJhYmxlLWdhbGxlcnktaXRlbS13cmFwIGVhZWwtY2YtZGVzZXJ0aVwiPlxuXHRcdFx0XHQ8ZGl2IGNsYXNzPVwiZWFlbC1nYWxsZXJ5LWdyaWQtaXRlbVwiPjxkaXYgY2xhc3M9XCJnYWxsZXJ5LWl0ZW0tdGh1bWJuYWlsLXdyYXBcIj48aW1nIHNyYz1cImh0dHBzOlwvXC93d3cucmFtcml0aS5sdlwvd3AtY29udGVudFwvdXBsb2Fkc1wvcmFtcml0aS1jcnVtYmxlLnBuZ1wiIGRhdGEtbGF6eS1zcmM9XCJodHRwczpcL1wvd3d3LnJhbXJpdGkubHZcL3dwLWNvbnRlbnRcL3VwbG9hZHNcL3JhbXJpdGktY3J1bWJsZS5wbmdcIiBhbHQ9XCJBdmVcdTAxNDZ1IGNydW1ibGUga3JhdWtcdTAxNjFcdTAxMzdpc1wiIGNsYXNzPVwiZ2FsbGVyeS1pdGVtLXRodW1ibmFpbFwiPjxhIGFyZWEtaGlkZGVuPVwidHJ1ZVwiICB0aXRsZT1cIkF2ZVx1MDE0NnUgY3J1bWJsZSBrcmF1a1x1MDE2MVx1MDEzN2lzXCIgYXJpYS1sYWJlbD1cImVhZWwtbWFnbmlmaWMtdmlkZW8tbGlua1wiIGhyZWY9XCJodHRwczpcL1wvd3d3LnlvdXR1YmUuY29tXC93YXRjaD92PW9QYVFPMHFGV0tFXCIgY2xhc3M9XCJ2aWRlby1wb3B1cCBlYWVsLW1hZ25pZmljLWxpbmsgZWFlbC1tYWduaWZpYy1saW5rLWNsb25lIGFjdGl2ZSBlYWVsLW1hZ25pZmljLXZpZGVvLWxpbmsgbWZwLWlmcmFtZSBwbGF5b3V0LWhvcml6b250YWxcIiBkYXRhLWlkPVwiMDRjYWNlN1wiIGRhdGEtZWxlbWVudG9yLW9wZW4tbGlnaHRib3g9XCJ5ZXNcIj48ZGl2IGNsYXNzPVwidmlkZW8tcG9wdXAtYmdcIj48XC9kaXY+PGltZyB3aWR0aD1cIjYyXCIgaGVpZ2h0PVwiNjJcIiBzcmM9XCJodHRwczpcL1wvd3d3LnJhbXJpdGkubHZcL3dwLWNvbnRlbnRcL3BsdWdpbnNcL2Vzc2VudGlhbC1hZGRvbnMtZm9yLWVsZW1lbnRvci1saXRlXC9hc3NldHNcL2Zyb250LWVuZFwvaW1nXC9wbGF5LWljb24ucG5nXCIgYWx0PVwiZWFlbC1mZy12aWRlby1wbGF5LWljb25cIiA+PFwvYT48XC9kaXY+PGRpdiBjbGFzcz1cImdhbGxlcnktaXRlbS1jYXB0aW9uLXdyYXAgY2FwdGlvbi1zdHlsZS1jYXJkIFwiPjxkaXYgY2xhc3M9XCJnYWxsZXJ5LWl0ZW0tY2FwdGlvbi1vdmVyXCI+PGgyIGNsYXNzPVwiZmctaXRlbS10aXRsZVwiPkF2ZVx1MDE0NnUgY3J1bWJsZSBrcmF1a1x1MDE2MVx1MDEzN2lzPFwvaDI+PGRpdiBjbGFzcz1cImZnLWl0ZW0tY29udGVudFwiPjxwPlNhc3RcdTAxMDF2ZGFcdTAxM2Nhczo8XC9wPlxuPHA+MTUwIGcgc2FsZFx1MDExM3R1IGF2ZVx1MDE0NnU8YnIgXC8+MjAgZyBjdWt1cmE8YnIgXC8+MyBnIHBla3RcdTAxMmJuYTxiciBcLz5cdTAxNjBcdTAxMzdpcHNuaVx1MDE0NmEgY2l0cm9uc2tcdTAxMDFiZXM8YnIgXC8+NTAgZyBjZXB1bXU8YnIgXC8+NTAgZyBhdXp1IHBcdTAxMDFyc2x1PGJyIFwvPkVcdTAxM2NcdTAxM2NhcyBcdTAxMTNkYW1rYXJvdGU8YnIgXC8+XHUwMTEyZGFta2Fyb3RlIGN1a3VyYTxiciBcLz4xNTAgZyBrclx1MDExM2p1bWEgc2llcmE8YnIgXC8+MTAwIGcgc2FsZFx1MDEwMSBrclx1MDExM2p1bWE8YnIgXC8+MzAgZyBSXHUwMTAxbXJpdHUgYXZlXHUwMTQ2dSBtZWR1cyBzdWZsXHUwMTEzIDxiciBcLz5TdmFpZ2FzIGF2ZW5lczxiciBcLz5QaXBhcm1cdTAxMTN0cnUgbGFwYXMgZGVrb3JcdTAxMTNcdTAxNjFhbmFpPFwvcD5cbjxwPjxzcGFuIHN0eWxlPVwidGV4dC1kZWNvcmF0aW9uOiB1bmRlcmxpbmU7XCI+PHN0cm9uZz5SZWNlcHRlPFwvc3Ryb25nPjxcL3NwYW4+PFwvcD5cbjxwPkF2ZW5lcyBzYXNtYWxjaW5hIHVuIHV6a2Fyc1x1MDExMyBwYW5uXHUwMTAxLCBzYWphdWMgY3VrdXJ1IGFyIHBla3RcdTAxMmJudSB1biBpZW1haXNhIGF2ZW5cdTAxMTNzLiBVemthcnNcdTAxMTMgbFx1MDEyYmR6IHZcdTAxMDFyXHUwMTJiXHUwMTYxYW5cdTAxMDFzIHRlbXBlcmF0XHUwMTZicmFpIHVuIHBpZXZpZW5vIGNpdHJvbnNrXHUwMTAxYmkuIEl6YmVyXHUwMTdlIGNhdXIgc2lldHUgdW4gbm9saWVrIG1hbFx1MDEwMSBhdGR6aXN0LjxiciBcLz5VeiBwYW5uYXMgYXBncmF1emRcdTAxMTMgc2FydWxsXHUwMTEzdFx1MDEwMXMgYXV6YXMgYXIgXHUwMTEzZGFta2Fyb3RpIGVcdTAxM2NcdTAxM2NhcyB1biBjdWt1cmEuIFBpZXZpZW5vamlldCBzYXNtYWxjaW5cdTAxMDF0dXMgY2VwdW11cy48YnIgXC8+S3JcdTAxMTNtc2llcnUsIG1lZHUgdW4gc2FsZG8ga3JcdTAxMTNqdW11IGxpZWsgYlx1MDEzY29kXHUwMTAxIHVuIHNha3VcdTAxM2MuPFwvcD5cbjxwPkl6YmF1ZGlldCBiZXogcGllcFx1MDE2YmxlcyBjZXBcdTAxNjFhbmFzIHByaWVrdSB1biBzYWxkbyBnYW5kYXJcdTAxMmJqdW11IHBhciBtXHUwMTAxalx1MDEwMXMgZ2F0YXZvdGllbSBnYXJkdW1pZW0hPFwvcD5cbjxcL2Rpdj48XC9kaXY+PFwvZGl2PjxcL2Rpdj48XC9kaXY+IiwiPGRpdiBjbGFzcz1cImVhZWwtZmlsdGVyYWJsZS1nYWxsZXJ5LWl0ZW0td3JhcCBlYWVsLWNmLXBhbWF0XHUwMTEyZGllbnNcIj5cblx0XHRcdFx0PGRpdiBjbGFzcz1cImVhZWwtZ2FsbGVyeS1ncmlkLWl0ZW1cIj48ZGl2IGNsYXNzPVwiZ2FsbGVyeS1pdGVtLXRodW1ibmFpbC13cmFwXCI+PGltZyBzcmM9XCJodHRwczpcL1wvd3d3LnJhbXJpdGkubHZcL3dwLWNvbnRlbnRcL3VwbG9hZHNcL3JhbXJpdGktbGFzaXMucG5nXCIgZGF0YS1sYXp5LXNyYz1cImh0dHBzOlwvXC93d3cucmFtcml0aS5sdlwvd3AtY29udGVudFwvdXBsb2Fkc1wvcmFtcml0aS1sYXNpcy5wbmdcIiBhbHQ9XCJHbGF6XHUwMTEzdHMgbGFzaXMgYXIgZHpcdTAxMTNydmVcdTAxNDZ1IG1lZHVzIHN1ZmxcdTAxMTNcIiBjbGFzcz1cImdhbGxlcnktaXRlbS10aHVtYm5haWxcIj48YSBhcmVhLWhpZGRlbj1cInRydWVcIiAgdGl0bGU9XCJHbGF6XHUwMTEzdHMgbGFzaXMgYXIgZHpcdTAxMTNydmVcdTAxNDZ1IG1lZHVzIHN1ZmxcdTAxMTNcIiBhcmlhLWxhYmVsPVwiZWFlbC1tYWduaWZpYy12aWRlby1saW5rXCIgaHJlZj1cImh0dHBzOlwvXC93d3cueW91dHViZS5jb21cL3dhdGNoP3Y9MmtpbmZxN1ZvUzRcIiBjbGFzcz1cInZpZGVvLXBvcHVwIGVhZWwtbWFnbmlmaWMtbGluayBlYWVsLW1hZ25pZmljLWxpbmstY2xvbmUgYWN0aXZlIGVhZWwtbWFnbmlmaWMtdmlkZW8tbGluayBtZnAtaWZyYW1lIHBsYXlvdXQtaG9yaXpvbnRhbFwiIGRhdGEtaWQ9XCIwNjY4Njc3XCIgZGF0YS1lbGVtZW50b3Itb3Blbi1saWdodGJveD1cInllc1wiPjxkaXYgY2xhc3M9XCJ2aWRlby1wb3B1cC1iZ1wiPjxcL2Rpdj48aW1nIHdpZHRoPVwiNjJcIiBoZWlnaHQ9XCI2MlwiIHNyYz1cImh0dHBzOlwvXC93d3cucmFtcml0aS5sdlwvd3AtY29udGVudFwvcGx1Z2luc1wvZXNzZW50aWFsLWFkZG9ucy1mb3ItZWxlbWVudG9yLWxpdGVcL2Fzc2V0c1wvZnJvbnQtZW5kXC9pbWdcL3BsYXktaWNvbi5wbmdcIiBhbHQ9XCJlYWVsLWZnLXZpZGVvLXBsYXktaWNvblwiID48XC9hPjxcL2Rpdj48ZGl2IGNsYXNzPVwiZ2FsbGVyeS1pdGVtLWNhcHRpb24td3JhcCBjYXB0aW9uLXN0eWxlLWNhcmQgXCI+PGRpdiBjbGFzcz1cImdhbGxlcnktaXRlbS1jYXB0aW9uLW92ZXJcIj48aDIgY2xhc3M9XCJmZy1pdGVtLXRpdGxlXCI+R2xhelx1MDExM3RzIGxhc2lzIGFyIGR6XHUwMTEzcnZlXHUwMTQ2dSBtZWR1cyBzdWZsXHUwMTEzPFwvaDI+PGRpdiBjbGFzcz1cImZnLWl0ZW0tY29udGVudFwiPjxwPlNhc3RcdTAxMDF2ZGFcdTAxM2Nhczo8XC9wPlxuPHA+MTUwICYjODIxMTsgMjAwIGcgZm9yZWxlcyBmaWxlamFzIGFyIFx1MDEwMWR1PGJyIFwvPjFcLzQgdFx1MDExM2prIHNcdTAxMDFsczxiciBcLz4xXC80IHRcdTAxMTNqa2Fyb3RlcyBtYWx0dSBtZWxubyBwaXBhcnU8YnIgXC8+MVwvNCB0XHUwMTEzamsga1x1MDE2YnBpblx1MDEwMXRhIHBhcHJpa2E8YnIgXC8+MSw1IFx1MDExM2RhbWthcm90ZXMgc3ZpZXN0YTxiciBcLz4xIHRcdTAxMTNqa2Fyb3RlIG9sXHUwMTJidmVcdTAxM2NcdTAxM2NhczxiciBcLz4zIFx1MDEzN2lwbG9rYSBkYWl2aVx1MDE0NmFzPGJyIFwvPjUwIGcgUlx1MDEwMW1yaXR1IGR6XHUwMTEzcnZlXHUwMTQ2dSBtZWR1cyBzdWZsXHUwMTEzPGJyIFwvPjEsNSBcdTAxMTNkYW1rYXJvdGVzIFx1MDE2YmRlbnM8YnIgXC8+MSw1IFx1MDExM2RhbWthcm90ZXMgc29qYXMgbVx1MDExM3JjZXM8YnIgXC8+MSBcdTAxMTNkYW1rYXJvdGUgbGFpbWEgc3VsYXM8XC9wPlxuPHA+PHNwYW4gc3R5bGU9XCJ0ZXh0LWRlY29yYXRpb246IHVuZGVybGluZTtcIj48c3Ryb25nPlJlY2VwdGU8XC9zdHJvbmc+PFwvc3Bhbj48XC9wPlxuPHA+U2FqYXVjIHNcdTAxMDFsaSwgcGlwYXJ1cyB1biBwYXByaWthcyBwdWx2ZXJpLiBJZXJcdTAxMmJ2XHUwMTEzIHppdlx1MDEyYnMuIFBhbm5cdTAxMDEgaXprYXVzXHUwMTEzIHN2aWVzdHUgdW4gZVx1MDEzY1x1MDEzY3UuIFBpZXNwaWVcdTAxN2UgXHUwMTM3aXBsb2t1cyB1biBuZWRhdWR6IGFwY2VwLiBQaWV2aWVub2ppZXQgXHUwMTZiZGVuaSwgc29qYXMgbVx1MDExM3JjaSwgbWVkdSB1biBsYWltYSBzdWx1LiBVemthcnNcdTAxMTMuIElldmlldG9qaWV0IHppdmkgcGFublx1MDEwMSBhciBcdTAxMDFkdSB1eiBsZWp1LiBVemxpZWsgdlx1MDEwMWt1IHVuIHZcdTAxMDFyYSB1eiB2aWRcdTAxMTNqYXMgdWd1bnMsIGlrIHBhIGxhaWthbSBhcGxlam90IGFyIG1cdTAxMTNyY2ksIGxcdTAxMmJkeiB6aXZzIHNhc25pZWd1c2kgdlx1MDExM2xhbW8gZ2F0YXZcdTAxMmJiYXMgcGFrXHUwMTAxcGksIGFwbVx1MDExM3JhbSA2LTkgbWluXHUwMTZidGVzLjxcL3A+XG48cD5JemJhdWRpIDopPFwvcD5cbjxcL2Rpdj48XC9kaXY+PFwvZGl2PjxcL2Rpdj48XC9kaXY+Il0=\" data-init-show=\"24\">\n            <div class=\"eael-filterable-gallery-item-wrap eael-cf-deserti\">\n\t\t\t\t<div class=\"eael-gallery-grid-item\"><div class=\"gallery-item-thumbnail-wrap\"><img decoding=\"async\" src=\"https:\/\/www.ramriti.lv\/wp-content\/uploads\/ramriti-crumble.png\" data-lazy-src=\"https:\/\/www.ramriti.lv\/wp-content\/uploads\/ramriti-crumble.png\" alt=\"Ave\u0146u crumble krauk\u0161\u0137is\" class=\"gallery-item-thumbnail\"><a area-hidden=\"true\" title=\"Raspberry crumble crunch\" aria-label=\"eael-magnific-video-link\" href=\"https:\/\/www.youtube.com\/watch?v=oPaQO0qFWKE\" class=\"video-popup eael-magnific-link eael-magnific-link-clone active eael-magnific-video-link mfp-iframe playout-horizontal\" data-id=\"04cace7\" data-elementor-open-lightbox=\"yes\" target=\"_blank\" rel=\"noopener\"><div class=\"video-popup-bg\"><\/div><img decoding=\"async\" width=\"62\" height=\"62\" src=\"https:\/\/www.ramriti.lv\/wp-content\/plugins\/essential-addons-for-elementor-lite\/assets\/front-end\/img\/play-icon.png\" alt=\"eael-fg-video-play-icon\" ><\/a><\/div><div class=\"gallery-item-caption-wrap caption-style-card\"><div class=\"gallery-item-caption-over\"><h2 class=\"fg-item-title\">Raspberry crumble crunch<\/h2><div class=\"fg-item-content\"><p>Ingredients:<\/p>\n<p>150 g frozen raspberries<br \/>20 g sugar<br \/>3 g pectin<br \/>A pinch of citric acid<br \/>50 g cookies<br \/>50 g oatmeal<br \/>A tablespoon of oil<br \/>A tablespoon of sugar<br \/>150 g cream cheese<br \/>100 g of sour cream<br \/>30 g R\u0101mriti Raspberry creamed honey <br \/>Fresh raspberries<br \/>Mint leaves for decoration<\/p>\n<p><span style=\"text-decoration: underline;\"><strong>Recipe<\/strong><\/span><\/p>\n<p>Crush the raspberries and heat them in a pan, mix the sugar with the pectin and stir into the raspberries. Bring to the boil and add the citric acid. Strain through a sieve and set aside to cool.<br \/>Toast the rolled oats in a pan with a tablespoon of oil and sugar. Add the crushed cookies.<br \/>Place the cream cheese, honey, and sour cream in a bowl and whisk.<\/p>\n<p>Enjoy the effortless joy of baking and the sweet satisfaction of homemade treats!<\/p>\n<\/div><\/div><\/div><\/div><\/div><div class=\"eael-filterable-gallery-item-wrap eael-cf-pamat\u0112diens\">\n\t\t\t\t<div class=\"eael-gallery-grid-item\"><div class=\"gallery-item-thumbnail-wrap\"><img decoding=\"async\" src=\"https:\/\/www.ramriti.lv\/wp-content\/uploads\/ramriti-lasis.png\" data-lazy-src=\"https:\/\/www.ramriti.lv\/wp-content\/uploads\/ramriti-lasis.png\" alt=\"Glaz\u0113ts lasis ar dz\u0113rve\u0146u medus sufl\u0113\" class=\"gallery-item-thumbnail\"><a area-hidden=\"true\" title=\"Glazed salmon with Cranberry creamed honey\" aria-label=\"eael-magnific-video-link\" href=\"https:\/\/www.youtube.com\/watch?v=2kinfq7VoS4\" class=\"video-popup eael-magnific-link eael-magnific-link-clone active eael-magnific-video-link mfp-iframe playout-horizontal\" data-id=\"0668677\" data-elementor-open-lightbox=\"yes\" target=\"_blank\" rel=\"noopener\"><div class=\"video-popup-bg\"><\/div><img decoding=\"async\" width=\"62\" height=\"62\" src=\"https:\/\/www.ramriti.lv\/wp-content\/plugins\/essential-addons-for-elementor-lite\/assets\/front-end\/img\/play-icon.png\" alt=\"eael-fg-video-play-icon\" ><\/a><\/div><div class=\"gallery-item-caption-wrap caption-style-card\"><div class=\"gallery-item-caption-over\"><h2 class=\"fg-item-title\">Glazed salmon with Cranberry creamed honey<\/h2><div class=\"fg-item-content\"><p>Ingredients:<\/p>\n<p>150 \u2013 200 g trout fillet with skin<br \/>1\/4 tsp salt<br \/>1\/4 teaspoon ground black pepper<br \/>1\/4 tsp smoked paprika<br \/>1.5 tablespoons butter<br \/>1 t\u0113jkarote ol\u012bve\u013c\u013cas<br \/>3 garlic cloves<br \/>50 g R\u0101mriti Cranberry creamed honey<br \/>1.5 tablespoons of water<br \/>1.5 tablespoons soy sauce<br \/>1 tablespoon lime juice<\/p>\n<p><span style=\"text-decoration: underline;\"><strong>Recipe<\/strong><\/span><\/p>\n<p>Mix salt, pepper and paprika powder. Rub into fish. Melt butter and oil in a pan. Press garlic and fry briefly. Add water, soy sauce, honey and lime juice. Bring to a boil. Place fish in pan, skin side down. Cover and cook over medium heat, basting occasionally with sauce, until fish is cooked to desired doneness, about 6-9 minutes.<\/p>\n<p>Enjoy!<\/p>\n<\/div><\/div><\/div><\/div><\/div>        <\/div>\n                <\/div>\n        \n        \t\t\t\t<\/div>\n\t\t\t\t<\/div>\n\t\t\t\t\t<\/div>\n\t\t\t\t<\/div>\n\t\t\t\t<\/div>","protected":false},"excerpt":{"rendered":"<p>Receptes Iedvesmojies gatavot \u012bpa\u0161as malt\u012btes kop\u0101 ar profesion\u0101liem pav\u0101riem un R\u0101mritu Medus sufl\u0113!\u00a0 VISI Deserti PAMAT\u0112DIENS Ave\u0146u crumble krauk\u0161\u0137is Sast\u0101vda\u013cas: 150 g sald\u0113tu ave\u0146u20 g cukura3 g pekt\u012bna\u0160\u0137ipsni\u0146a citronsk\u0101bes50 g&#8230;<\/p>","protected":false},"author":2,"featured_media":2174,"parent":0,"menu_order":23,"comment_status":"closed","ping_status":"closed","template":"elementor_header_footer","meta":{"footnotes":""},"class_list":["post-5279","page","type-page","status-publish","has-post-thumbnail","hentry"],"aioseo_notices":[],"jetpack_sharing_enabled":true,"_links":{"self":[{"href":"https:\/\/www.ramriti.lv\/en\/wp-json\/wp\/v2\/pages\/5279","targetHints":{"allow":["GET"]}}],"collection":[{"href":"https:\/\/www.ramriti.lv\/en\/wp-json\/wp\/v2\/pages"}],"about":[{"href":"https:\/\/www.ramriti.lv\/en\/wp-json\/wp\/v2\/types\/page"}],"author":[{"embeddable":true,"href":"https:\/\/www.ramriti.lv\/en\/wp-json\/wp\/v2\/users\/2"}],"replies":[{"embeddable":true,"href":"https:\/\/www.ramriti.lv\/en\/wp-json\/wp\/v2\/comments?post=5279"}],"version-history":[{"count":89,"href":"https:\/\/www.ramriti.lv\/en\/wp-json\/wp\/v2\/pages\/5279\/revisions"}],"predecessor-version":[{"id":5437,"href":"https:\/\/www.ramriti.lv\/en\/wp-json\/wp\/v2\/pages\/5279\/revisions\/5437"}],"wp:featuredmedia":[{"embeddable":true,"href":"https:\/\/www.ramriti.lv\/en\/wp-json\/wp\/v2\/media\/2174"}],"wp:attachment":[{"href":"https:\/\/www.ramriti.lv\/en\/wp-json\/wp\/v2\/media?parent=5279"}],"curies":[{"name":"wp","href":"https:\/\/api.w.org\/{rel}","templated":true}]}}