{"id":1841,"date":"2023-05-22T04:09:27","date_gmt":"2023-05-22T04:09:27","guid":{"rendered":"http:\/\/ramriti.lv\/?post_type=product&#038;p=1841"},"modified":"2026-04-24T07:56:32","modified_gmt":"2026-04-24T07:56:32","slug":"upenu-ingvera-medus-sufle","status":"publish","type":"product","link":"https:\/\/www.ramriti.lv\/en\/product\/upenu-ingvera-medus-sufle\/","title":{"rendered":"Blackcurrant &amp; Ginger creamed honey"},"content":{"rendered":"<div data-elementor-type=\"wp-post\" data-elementor-id=\"1841\" class=\"elementor elementor-1841\">\n\t\t\t\t\t\t<section class=\"elementor-section elementor-top-section elementor-element elementor-element-0ab8f9f elementor-section-content-middle elementor-section-stretched elementor-section-boxed elementor-section-height-default elementor-section-height-default wpr-particle-no wpr-jarallax-no wpr-parallax-no wpr-sticky-section-no\" data-id=\"0ab8f9f\" data-element_type=\"section\" data-e-type=\"section\" data-settings=\"{&quot;stretch_section&quot;:&quot;section-stretched&quot;}\">\n\t\t\t\t\t\t<div class=\"elementor-container elementor-column-gap-custom\">\n\t\t\t\t\t<div class=\"elementor-column elementor-col-50 elementor-top-column elementor-element elementor-element-5b3252a\" data-id=\"5b3252a\" data-element_type=\"column\" data-e-type=\"column\">\n\t\t\t<div class=\"elementor-widget-wrap elementor-element-populated\">\n\t\t\t\t\t\t<div class=\"elementor-element elementor-element-5f8f661 elementor-widget elementor-widget-heading\" data-id=\"5f8f661\" data-element_type=\"widget\" data-e-type=\"widget\" data-widget_type=\"heading.default\">\n\t\t\t\t<div class=\"elementor-widget-container\">\n\t\t\t\t\t<h2 class=\"elementor-heading-title elementor-size-default\">A dreamy clean for\nstressed-out skin  <\/h2>\t\t\t\t<\/div>\n\t\t\t\t<\/div>\n\t\t\t\t<div class=\"elementor-element elementor-element-093bb61 elementor-widget elementor-widget-text-editor\" data-id=\"093bb61\" data-element_type=\"widget\" data-e-type=\"widget\" data-widget_type=\"text-editor.default\">\n\t\t\t\t<div class=\"elementor-widget-container\">\n\t\t\t\t\t\t\t\t\tLifts away pore-clogging impurities \u2014 without irritating or drying. Made with barrier-loving oat, jojoba, and ceramides for super-soft, calm skin.\t\t\t\t\t\t\t\t<\/div>\n\t\t\t\t<\/div>\n\t\t\t\t\t<\/div>\n\t\t<\/div>\n\t\t\t\t<div class=\"elementor-column elementor-col-50 elementor-top-column elementor-element elementor-element-c68dff2\" data-id=\"c68dff2\" data-element_type=\"column\" data-e-type=\"column\">\n\t\t\t<div class=\"elementor-widget-wrap elementor-element-populated\">\n\t\t\t\t\t\t<div class=\"elementor-element elementor-element-24b6e1d elementor-widget elementor-widget-image\" data-id=\"24b6e1d\" data-element_type=\"widget\" data-e-type=\"widget\" data-widget_type=\"image.default\">\n\t\t\t\t<div class=\"elementor-widget-container\">\n\t\t\t\t\t\t\t\t\t\t\t\t\t\t\t<img decoding=\"async\" src=\"https:\/\/xstore.8theme.com\/elementor\/demos\/beauty-and-cosmetics\/wp-content\/uploads\/sites\/83\/2022\/09\/Image-min.jpeg\" title=\"\" alt=\"\" loading=\"lazy\" \/>\t\t\t\t\t\t\t\t\t\t\t\t\t\t\t<\/div>\n\t\t\t\t<\/div>\n\t\t\t\t\t<\/div>\n\t\t<\/div>\n\t\t\t\t\t<\/div>\n\t\t<\/section>\n\t\t\t\t<section class=\"elementor-section elementor-top-section elementor-element elementor-element-cb36f0f elementor-section-content-middle elementor-reverse-mobile elementor-section-stretched elementor-section-boxed elementor-section-height-default elementor-section-height-default wpr-particle-no wpr-jarallax-no wpr-parallax-no wpr-sticky-section-no\" data-id=\"cb36f0f\" data-element_type=\"section\" data-e-type=\"section\" data-settings=\"{&quot;stretch_section&quot;:&quot;section-stretched&quot;}\">\n\t\t\t\t\t\t<div class=\"elementor-container elementor-column-gap-custom\">\n\t\t\t\t\t<div class=\"elementor-column elementor-col-50 elementor-top-column elementor-element elementor-element-6b4dd86\" data-id=\"6b4dd86\" data-element_type=\"column\" data-e-type=\"column\">\n\t\t\t<div class=\"elementor-widget-wrap elementor-element-populated\">\n\t\t\t\t\t\t<div class=\"elementor-element elementor-element-115b0b0 elementor-widget elementor-widget-image\" data-id=\"115b0b0\" data-element_type=\"widget\" data-e-type=\"widget\" data-widget_type=\"image.default\">\n\t\t\t\t<div class=\"elementor-widget-container\">\n\t\t\t\t\t\t\t\t\t\t\t\t\t\t\t<img decoding=\"async\" src=\"https:\/\/xstore.8theme.com\/elementor\/demos\/beauty-and-cosmetics\/wp-content\/uploads\/sites\/83\/2022\/09\/Image.jpeg\" title=\"\" alt=\"\" loading=\"lazy\" \/>\t\t\t\t\t\t\t\t\t\t\t\t\t\t\t<\/div>\n\t\t\t\t<\/div>\n\t\t\t\t\t<\/div>\n\t\t<\/div>\n\t\t\t\t<div class=\"elementor-column elementor-col-50 elementor-top-column elementor-element elementor-element-3d593d2\" data-id=\"3d593d2\" data-element_type=\"column\" data-e-type=\"column\">\n\t\t\t<div class=\"elementor-widget-wrap elementor-element-populated\">\n\t\t\t\t\t\t<div class=\"elementor-element elementor-element-04880f4 elementor-widget elementor-widget-heading\" data-id=\"04880f4\" data-element_type=\"widget\" data-e-type=\"widget\" data-widget_type=\"heading.default\">\n\t\t\t\t<div class=\"elementor-widget-container\">\n\t\t\t\t\t<h2 class=\"elementor-heading-title elementor-size-default\">Feather-light &amp; comfy on\nskin\n<\/h2>\t\t\t\t<\/div>\n\t\t\t\t<\/div>\n\t\t\t\t<div class=\"elementor-element elementor-element-ac5c978 elementor-widget elementor-widget-text-editor\" data-id=\"ac5c978\" data-element_type=\"widget\" data-e-type=\"widget\" data-widget_type=\"text-editor.default\">\n\t\t\t\t<div class=\"elementor-widget-container\">\n\t\t\t\t\t\t\t\t\tSoftly-foaming milky formula that\u2019s cushiony as a cream, but light as a gel. No filmy residue. Just rinse clean and feel your pores breathe.\t\t\t\t\t\t\t\t<\/div>\n\t\t\t\t<\/div>\n\t\t\t\t\t<\/div>\n\t\t<\/div>\n\t\t\t\t\t<\/div>\n\t\t<\/section>\n\t\t\t\t<section class=\"elementor-section elementor-top-section elementor-element elementor-element-265d121 elementor-section-content-middle elementor-section-stretched elementor-section-boxed elementor-section-height-default elementor-section-height-default wpr-particle-no wpr-jarallax-no wpr-parallax-no wpr-sticky-section-no\" data-id=\"265d121\" data-element_type=\"section\" data-e-type=\"section\" data-settings=\"{&quot;stretch_section&quot;:&quot;section-stretched&quot;}\">\n\t\t\t\t\t\t<div class=\"elementor-container elementor-column-gap-custom\">\n\t\t\t\t\t<div class=\"elementor-column elementor-col-50 elementor-top-column elementor-element elementor-element-b90a56a\" data-id=\"b90a56a\" data-element_type=\"column\" data-e-type=\"column\">\n\t\t\t<div class=\"elementor-widget-wrap elementor-element-populated\">\n\t\t\t\t\t\t<div class=\"elementor-element elementor-element-c3a0a64 elementor-widget elementor-widget-heading\" data-id=\"c3a0a64\" data-element_type=\"widget\" data-e-type=\"widget\" data-widget_type=\"heading.default\">\n\t\t\t\t<div class=\"elementor-widget-container\">\n\t\t\t\t\t<h2 class=\"elementor-heading-title elementor-size-default\">Mix and match your Clear\nCollective lineup\n<\/h2>\t\t\t\t<\/div>\n\t\t\t\t<\/div>\n\t\t\t\t<div class=\"elementor-element elementor-element-4b16646 elementor-widget elementor-widget-text-editor\" data-id=\"4b16646\" data-element_type=\"widget\" data-e-type=\"widget\" data-widget_type=\"text-editor.default\">\n\t\t\t\t<div class=\"elementor-widget-container\">\n\t\t\t\t\t\t\t\t\tPerfect for reactive, sensitized skin, Gentle Milky Cleanser uses milder PHA to clarify as it soothes \u2013 while Exfoliating Jelly Cleanser gives combo skin.\t\t\t\t\t\t\t\t<\/div>\n\t\t\t\t<\/div>\n\t\t\t\t\t<\/div>\n\t\t<\/div>\n\t\t\t\t<div class=\"elementor-column elementor-col-50 elementor-top-column elementor-element elementor-element-1a28473\" data-id=\"1a28473\" data-element_type=\"column\" data-e-type=\"column\">\n\t\t\t<div class=\"elementor-widget-wrap elementor-element-populated\">\n\t\t\t\t\t\t<div class=\"elementor-element elementor-element-c9579c6 elementor-widget elementor-widget-image\" data-id=\"c9579c6\" data-element_type=\"widget\" data-e-type=\"widget\" data-widget_type=\"image.default\">\n\t\t\t\t<div class=\"elementor-widget-container\">\n\t\t\t\t\t\t\t\t\t\t\t\t\t\t\t<img decoding=\"async\" src=\"https:\/\/xstore.8theme.com\/elementor\/demos\/beauty-and-cosmetics\/wp-content\/uploads\/sites\/83\/2022\/09\/Image-1-min.png\" title=\"\" alt=\"\" loading=\"lazy\" \/>\t\t\t\t\t\t\t\t\t\t\t\t\t\t\t<\/div>\n\t\t\t\t<\/div>\n\t\t\t\t\t<\/div>\n\t\t<\/div>\n\t\t\t\t\t<\/div>\n\t\t<\/section>\n\t\t\t\t<\/div>","protected":false},"excerpt":{"rendered":"<p>Upe\u0146u &amp; Ingvera medus sufl\u0113 &#8211; gatavots no aukstum\u0101 \u017e\u0101v\u0113t\u0101m upen\u0113m 2,5%,\u00a0 ingvera 1% un putota medus.<\/p>\n<p>Izbaudi perfektu saldsk\u0101bu un pikantu gar\u0161u kombin\u0101ciju katr\u0101 karot\u0113. Baudi to k\u0101 t\u0113ju iemaisot pilnu t\u0113jkaroti karstaj\u0101 uden\u012b, vai ar\u012b uz tosta, pank\u016bk\u0101m, putr\u0101. Vai ar\u012b izmanto gl\u0101z\u0113jot un marin\u0113jot zivis, ga\u013cas un d\u0101rze\u0146u \u0113dienus vai pievieno to savam kokteilim\/sm\u016btijam.<\/p>\n<p>Mums \u012bpa\u0161i gar\u0161o gl\u0101z\u0113t ar to \u0137irbi cepe\u0161kr\u0101sn\u012b!<br \/>\n\u0160is produkts noteikti pacels katru tavu recepti jaun\u0101j\u0101 l\u012bmen\u012b.<\/p>","protected":false},"featured_media":5231,"comment_status":"open","ping_status":"closed","template":"","meta":[],"product_brand":[],"product_cat":[325,35],"product_tag":[],"class_list":{"0":"post-1841","1":"product","2":"type-product","3":"status-publish","4":"has-post-thumbnail","6":"product_cat-atra-teja","7":"product_cat-medus-sufle","9":"first","10":"instock","11":"taxable","12":"shipping-taxable","13":"purchasable","14":"product-type-variable"},"aioseo_notices":[],"etheme_brands":{"errors":{"invalid_taxonomy":["Invalid taxonomy."]},"error_data":[]},"jetpack_sharing_enabled":true,"_links":{"self":[{"href":"https:\/\/www.ramriti.lv\/en\/wp-json\/wp\/v2\/product\/1841","targetHints":{"allow":["GET"]}}],"collection":[{"href":"https:\/\/www.ramriti.lv\/en\/wp-json\/wp\/v2\/product"}],"about":[{"href":"https:\/\/www.ramriti.lv\/en\/wp-json\/wp\/v2\/types\/product"}],"replies":[{"embeddable":true,"href":"https:\/\/www.ramriti.lv\/en\/wp-json\/wp\/v2\/comments?post=1841"}],"version-history":[{"count":3,"href":"https:\/\/www.ramriti.lv\/en\/wp-json\/wp\/v2\/product\/1841\/revisions"}],"predecessor-version":[{"id":5851,"href":"https:\/\/www.ramriti.lv\/en\/wp-json\/wp\/v2\/product\/1841\/revisions\/5851"}],"wp:featuredmedia":[{"embeddable":true,"href":"https:\/\/www.ramriti.lv\/en\/wp-json\/wp\/v2\/media\/5231"}],"wp:attachment":[{"href":"https:\/\/www.ramriti.lv\/en\/wp-json\/wp\/v2\/media?parent=1841"}],"wp:term":[{"taxonomy":"product_brand","embeddable":true,"href":"https:\/\/www.ramriti.lv\/en\/wp-json\/wp\/v2\/product_brand?post=1841"},{"taxonomy":"product_cat","embeddable":true,"href":"https:\/\/www.ramriti.lv\/en\/wp-json\/wp\/v2\/product_cat?post=1841"},{"taxonomy":"product_tag","embeddable":true,"href":"https:\/\/www.ramriti.lv\/en\/wp-json\/wp\/v2\/product_tag?post=1841"}],"curies":[{"name":"wp","href":"https:\/\/api.w.org\/{rel}","templated":true}]}}