{"id":1851,"date":"2023-05-22T04:23:39","date_gmt":"2023-05-22T04:23:39","guid":{"rendered":"http:\/\/ramriti.lv\/?post_type=product&#038;p=1851"},"modified":"2026-04-20T18:38:41","modified_gmt":"2026-04-20T18:38:41","slug":"smiltserksku-medus-sufle","status":"publish","type":"product","link":"https:\/\/www.ramriti.lv\/en\/product\/smiltserksku-medus-sufle\/","title":{"rendered":"Sea-buckthorn creamed honey"},"content":{"rendered":"","protected":false},"excerpt":{"rendered":"<p class=\"isSelectedEnd\"><strong>Sea-buckthorn creamed honey<\/strong> ir putots medus ar 5% aukstum\u0101 \u017e\u0101v\u0113tiem smilts\u0113rk\u0161\u0137iem, kas pie\u0161\u0137ir izteiksm\u012bgu saldsk\u0101bu gar\u0161u un pat\u012bkamu ogu svaigumu.<\/p>\n<p class=\"isSelectedEnd\">\u0160is sufl\u0113 priec\u0113 ar bag\u0101t\u012bgu smilts\u0113rk\u0161\u0137u arom\u0101tu un dabiski ko\u0161u gar\u0161as raksturu. Smilts\u0113rk\u0161\u0137i ir tradicion\u0101li augstu nov\u0113rt\u0113ti to dab\u012bg\u0101 C vitam\u012bna satura d\u0113\u013c, padarot \u0161o produktu par lielisku izv\u0113li ikdienas baud\u012b\u0161anai.<\/p>\n<p class=\"isSelectedEnd\">Ide\u0101li piem\u0113rots pank\u016bk\u0101m, putr\u0101m un grauzd\u0113tai maizei. Pievieno pilnu t\u0113jkaroti karstam \u016bdenim un izbaudi arom\u0101tisku, saldsk\u0101bu t\u0113ju. Lieliski iederas ar\u012b sal\u0101tu m\u0113rc\u0113s, zivju vai ga\u013cas glaz\u0113\u0161anai un marin\u0113\u0161anai.<\/p>\n<p class=\"isSelectedEnd\">Gar\u0161as piedz\u012bvojumam iesak\u0101m savienot ar nogatavin\u0101tiem vai kr\u0113m\u012bgiem sieriem \u2013 p\u0101rsteidzo\u0161a un izsmalcin\u0101ta kombin\u0101cija.<\/p>\n<p>Dab\u012bgs, ko\u0161s un daudzpus\u012bgs gardums ikdienai un sv\u0113tkiem.<\/p>","protected":false},"featured_media":1654,"comment_status":"open","ping_status":"closed","template":"","meta":[],"product_brand":[],"product_cat":[35],"product_tag":[],"class_list":{"0":"post-1851","1":"product","2":"type-product","3":"status-publish","4":"has-post-thumbnail","6":"product_cat-medus-sufle","8":"first","9":"instock","10":"taxable","11":"shipping-taxable","12":"purchasable","13":"product-type-variable"},"aioseo_notices":[],"etheme_brands":{"errors":{"invalid_taxonomy":["Invalid taxonomy."]},"error_data":[]},"jetpack_sharing_enabled":true,"_links":{"self":[{"href":"https:\/\/www.ramriti.lv\/en\/wp-json\/wp\/v2\/product\/1851","targetHints":{"allow":["GET"]}}],"collection":[{"href":"https:\/\/www.ramriti.lv\/en\/wp-json\/wp\/v2\/product"}],"about":[{"href":"https:\/\/www.ramriti.lv\/en\/wp-json\/wp\/v2\/types\/product"}],"replies":[{"embeddable":true,"href":"https:\/\/www.ramriti.lv\/en\/wp-json\/wp\/v2\/comments?post=1851"}],"version-history":[{"count":3,"href":"https:\/\/www.ramriti.lv\/en\/wp-json\/wp\/v2\/product\/1851\/revisions"}],"predecessor-version":[{"id":5857,"href":"https:\/\/www.ramriti.lv\/en\/wp-json\/wp\/v2\/product\/1851\/revisions\/5857"}],"wp:featuredmedia":[{"embeddable":true,"href":"https:\/\/www.ramriti.lv\/en\/wp-json\/wp\/v2\/media\/1654"}],"wp:attachment":[{"href":"https:\/\/www.ramriti.lv\/en\/wp-json\/wp\/v2\/media?parent=1851"}],"wp:term":[{"taxonomy":"product_brand","embeddable":true,"href":"https:\/\/www.ramriti.lv\/en\/wp-json\/wp\/v2\/product_brand?post=1851"},{"taxonomy":"product_cat","embeddable":true,"href":"https:\/\/www.ramriti.lv\/en\/wp-json\/wp\/v2\/product_cat?post=1851"},{"taxonomy":"product_tag","embeddable":true,"href":"https:\/\/www.ramriti.lv\/en\/wp-json\/wp\/v2\/product_tag?post=1851"}],"curies":[{"name":"wp","href":"https:\/\/api.w.org\/{rel}","templated":true}]}}