{"id":1859,"date":"2023-05-22T04:32:00","date_gmt":"2023-05-22T04:32:00","guid":{"rendered":"http:\/\/ramriti.lv\/?post_type=product&#038;p=1859"},"modified":"2026-04-13T16:01:10","modified_gmt":"2026-04-13T16:01:10","slug":"piparkuku-medus-sufle","status":"publish","type":"product","link":"https:\/\/www.ramriti.lv\/en\/product\/piparkuku-medus-sufle\/","title":{"rendered":"Gingerbread creamed honey"},"content":{"rendered":"<p>Gatavots ar kan\u0113li, krustnagli\u0146\u0101m, an\u012bsu, pipariem, fenheli, muskatriekstu un putotu medu, veidojot pat\u012bkamu Ziemassv\u0113tku arom\u0101tu!<\/p>\n<p>Whether you prefer adding it to your coffee or enjoying it with a spoon, it's guaranteed to delight your senses and enhance your holiday experience<\/p>","protected":false},"excerpt":{"rendered":"<p>Gingerbread creamed honey - made with festive aroma of cinnamon, cloves, anise, pepper, fennel, nutmeg and creamed honey, creating a delightful Christmas aroma.<\/p>\n<p>Whether you prefer adding it to your coffee or enjoying it with a spoon, it's guaranteed to delight your senses and enhance your holiday experience<\/p>","protected":false},"featured_media":1860,"comment_status":"open","ping_status":"closed","template":"","meta":[],"product_brand":[],"product_cat":[35],"product_tag":[],"class_list":{"0":"post-1859","1":"product","2":"type-product","3":"status-publish","4":"has-post-thumbnail","6":"product_cat-medus-sufle","8":"first","9":"outofstock","10":"taxable","11":"shipping-taxable","12":"purchasable","13":"product-type-variable"},"aioseo_notices":[],"etheme_brands":{"errors":{"invalid_taxonomy":["Invalid taxonomy."]},"error_data":[]},"jetpack_sharing_enabled":true,"_links":{"self":[{"href":"https:\/\/www.ramriti.lv\/en\/wp-json\/wp\/v2\/product\/1859","targetHints":{"allow":["GET"]}}],"collection":[{"href":"https:\/\/www.ramriti.lv\/en\/wp-json\/wp\/v2\/product"}],"about":[{"href":"https:\/\/www.ramriti.lv\/en\/wp-json\/wp\/v2\/types\/product"}],"replies":[{"embeddable":true,"href":"https:\/\/www.ramriti.lv\/en\/wp-json\/wp\/v2\/comments?post=1859"}],"version-history":[{"count":2,"href":"https:\/\/www.ramriti.lv\/en\/wp-json\/wp\/v2\/product\/1859\/revisions"}],"predecessor-version":[{"id":4379,"href":"https:\/\/www.ramriti.lv\/en\/wp-json\/wp\/v2\/product\/1859\/revisions\/4379"}],"wp:featuredmedia":[{"embeddable":true,"href":"https:\/\/www.ramriti.lv\/en\/wp-json\/wp\/v2\/media\/1860"}],"wp:attachment":[{"href":"https:\/\/www.ramriti.lv\/en\/wp-json\/wp\/v2\/media?parent=1859"}],"wp:term":[{"taxonomy":"product_brand","embeddable":true,"href":"https:\/\/www.ramriti.lv\/en\/wp-json\/wp\/v2\/product_brand?post=1859"},{"taxonomy":"product_cat","embeddable":true,"href":"https:\/\/www.ramriti.lv\/en\/wp-json\/wp\/v2\/product_cat?post=1859"},{"taxonomy":"product_tag","embeddable":true,"href":"https:\/\/www.ramriti.lv\/en\/wp-json\/wp\/v2\/product_tag?post=1859"}],"curies":[{"name":"wp","href":"https:\/\/api.w.org\/{rel}","templated":true}]}}