{"id":1864,"date":"2023-05-22T04:40:25","date_gmt":"2023-05-22T04:40:25","guid":{"rendered":"http:\/\/ramriti.lv\/?post_type=product&#038;p=1864"},"modified":"2026-04-24T07:56:32","modified_gmt":"2026-04-24T07:56:32","slug":"citrona-ingvera-medus-sufle","status":"publish","type":"product","link":"https:\/\/www.ramriti.lv\/en\/product\/citrona-ingvera-medus-sufle\/","title":{"rendered":"Lemon &amp; Ginger creamed honey"},"content":{"rendered":"<p>Izgatavots no aukstum\u0101 \u017eav\u0113ta citrona 5%, \u017e\u0101v\u0113ta ingvera 1%, citronu sulas koncentr\u0101ta un putota medus.<\/p>\n<p>Vienk\u0101r\u0161s un \u0101trs veids, k\u0101 pagatavot citrona-ingvera t\u0113ju vai pievienot to savam iecien\u012bt\u0101kajam kokteilim\/sm\u016btijam.<\/p>","protected":false},"excerpt":{"rendered":"<p>Lemon &amp; Ginger Creamed Honey Tea - contains whipped honey, freeze-dried lemon, dried ginger, citric acid.<\/p>\n<p>The easiest and fastest way to make delicious and healthy lemon-ginger tea!<br \/>\nYou can also safely add this souffle to your favorite cocktail\/smoothie.<\/p>\n<p>p.s. When making tea, natural sediment may form.<\/p>","protected":false},"featured_media":5228,"comment_status":"open","ping_status":"closed","template":"","meta":[],"product_brand":[],"product_cat":[325,35],"product_tag":[],"class_list":{"0":"post-1864","1":"product","2":"type-product","3":"status-publish","4":"has-post-thumbnail","6":"product_cat-atra-teja","7":"product_cat-medus-sufle","9":"first","10":"instock","11":"taxable","12":"shipping-taxable","13":"purchasable","14":"product-type-variable"},"aioseo_notices":[],"etheme_brands":{"errors":{"invalid_taxonomy":["Invalid taxonomy."]},"error_data":[]},"jetpack_sharing_enabled":true,"_links":{"self":[{"href":"https:\/\/www.ramriti.lv\/en\/wp-json\/wp\/v2\/product\/1864","targetHints":{"allow":["GET"]}}],"collection":[{"href":"https:\/\/www.ramriti.lv\/en\/wp-json\/wp\/v2\/product"}],"about":[{"href":"https:\/\/www.ramriti.lv\/en\/wp-json\/wp\/v2\/types\/product"}],"replies":[{"embeddable":true,"href":"https:\/\/www.ramriti.lv\/en\/wp-json\/wp\/v2\/comments?post=1864"}],"version-history":[{"count":8,"href":"https:\/\/www.ramriti.lv\/en\/wp-json\/wp\/v2\/product\/1864\/revisions"}],"predecessor-version":[{"id":5047,"href":"https:\/\/www.ramriti.lv\/en\/wp-json\/wp\/v2\/product\/1864\/revisions\/5047"}],"wp:featuredmedia":[{"embeddable":true,"href":"https:\/\/www.ramriti.lv\/en\/wp-json\/wp\/v2\/media\/5228"}],"wp:attachment":[{"href":"https:\/\/www.ramriti.lv\/en\/wp-json\/wp\/v2\/media?parent=1864"}],"wp:term":[{"taxonomy":"product_brand","embeddable":true,"href":"https:\/\/www.ramriti.lv\/en\/wp-json\/wp\/v2\/product_brand?post=1864"},{"taxonomy":"product_cat","embeddable":true,"href":"https:\/\/www.ramriti.lv\/en\/wp-json\/wp\/v2\/product_cat?post=1864"},{"taxonomy":"product_tag","embeddable":true,"href":"https:\/\/www.ramriti.lv\/en\/wp-json\/wp\/v2\/product_tag?post=1864"}],"curies":[{"name":"wp","href":"https:\/\/api.w.org\/{rel}","templated":true}]}}