{"id":2117,"date":"2023-05-23T17:02:43","date_gmt":"2023-05-23T17:02:43","guid":{"rendered":"http:\/\/ramriti.lv\/?post_type=product&#038;p=2117"},"modified":"2026-04-23T11:46:25","modified_gmt":"2026-04-23T11:46:25","slug":"propolisa-tinktura","status":"publish","type":"product","link":"https:\/\/www.ramriti.lv\/en\/product\/propolisa-tinktura\/","title":{"rendered":"Propolis tincture"},"content":{"rendered":"","protected":false},"excerpt":{"rendered":"<p class=\"isSelectedEnd\"><strong>Propolis tincture<\/strong> ir pagatavota no augstas kvalit\u0101tes propolisa ekstrakta (30%) un etilspirta (70%).<\/p>\n<p class=\"isSelectedEnd\">Propoliss ir viens no sp\u0113c\u012bg\u0101kajiem dabiskajiem bi\u0161u produktiem, kas tradicion\u0101li tiek nov\u0113rt\u0113ts t\u0101 pretmikrobu, pretv\u012brusu un antibakteri\u0101lo \u012bpa\u0161\u012bbu d\u0113\u013c. To pla\u0161i izmanto imunit\u0101tes stiprin\u0101\u0161anai, organisma dabisko aizsargsp\u0113ju atbalstam un visp\u0101r\u0113jai labsaj\u016btai.<\/p>\n<h3>LIETO\u0160ANA<\/h3>\n<p class=\"isSelectedEnd\"><strong>Internally:<\/strong><br \/>\n10\u201315 pilienus tinkt\u016bras iepilina gl\u0101z\u0113 \u016bdens vai uz cukura gabali\u0146a.<br \/>\nUse 3x a day.<\/p>\n<p class=\"isSelectedEnd\"><strong>Externally:<\/strong><br \/>\n10\u201315 pilienus uzpilina uz vates tampona un uzkl\u0101j uz t\u012bras, boj\u0101tas vai kairin\u0101tas \u0101das. Lieto p\u0113c nepiecie\u0161am\u012bbas.<\/p>\n<p><strong>Volume:<\/strong> 30 ml<\/p>","protected":false},"featured_media":1652,"comment_status":"open","ping_status":"closed","template":"","meta":[],"product_brand":[],"product_cat":[30],"product_tag":[],"class_list":{"0":"post-2117","1":"product","2":"type-product","3":"status-publish","4":"has-post-thumbnail","6":"product_cat-propoliss-lv","8":"first","9":"instock","10":"taxable","11":"shipping-taxable","12":"purchasable","13":"product-type-simple"},"aioseo_notices":[],"etheme_brands":{"errors":{"invalid_taxonomy":["Invalid taxonomy."]},"error_data":[]},"jetpack_sharing_enabled":true,"_links":{"self":[{"href":"https:\/\/www.ramriti.lv\/en\/wp-json\/wp\/v2\/product\/2117","targetHints":{"allow":["GET"]}}],"collection":[{"href":"https:\/\/www.ramriti.lv\/en\/wp-json\/wp\/v2\/product"}],"about":[{"href":"https:\/\/www.ramriti.lv\/en\/wp-json\/wp\/v2\/types\/product"}],"replies":[{"embeddable":true,"href":"https:\/\/www.ramriti.lv\/en\/wp-json\/wp\/v2\/comments?post=2117"}],"version-history":[{"count":5,"href":"https:\/\/www.ramriti.lv\/en\/wp-json\/wp\/v2\/product\/2117\/revisions"}],"predecessor-version":[{"id":5853,"href":"https:\/\/www.ramriti.lv\/en\/wp-json\/wp\/v2\/product\/2117\/revisions\/5853"}],"wp:featuredmedia":[{"embeddable":true,"href":"https:\/\/www.ramriti.lv\/en\/wp-json\/wp\/v2\/media\/1652"}],"wp:attachment":[{"href":"https:\/\/www.ramriti.lv\/en\/wp-json\/wp\/v2\/media?parent=2117"}],"wp:term":[{"taxonomy":"product_brand","embeddable":true,"href":"https:\/\/www.ramriti.lv\/en\/wp-json\/wp\/v2\/product_brand?post=2117"},{"taxonomy":"product_cat","embeddable":true,"href":"https:\/\/www.ramriti.lv\/en\/wp-json\/wp\/v2\/product_cat?post=2117"},{"taxonomy":"product_tag","embeddable":true,"href":"https:\/\/www.ramriti.lv\/en\/wp-json\/wp\/v2\/product_tag?post=2117"}],"curies":[{"name":"wp","href":"https:\/\/api.w.org\/{rel}","templated":true}]}}