{"id":2415,"date":"2023-05-31T09:07:47","date_gmt":"2023-05-31T09:07:47","guid":{"rendered":"http:\/\/ramriti.lv\/?post_type=product&#038;p=2415"},"modified":"2026-05-10T18:44:54","modified_gmt":"2026-05-10T18:44:54","slug":"lemon-ginger-creamed-honey","status":"publish","type":"product","link":"https:\/\/www.ramriti.lv\/en\/product\/lemon-ginger-creamed-honey\/","title":{"rendered":"Lemon &amp; Ginger creamed honey"},"content":{"rendered":"<p>Izgatavots no aukstum\u0101 \u017eav\u0113ta citrona 5%, \u017e\u0101v\u0113ta ingvera 1%, citronu sulas koncentr\u0101ta un putota medus.<\/p>\n<p>Vienk\u0101r\u0161s un \u0101trs veids, k\u0101 pagatavot citrona-ingvera t\u0113ju vai pievienot to savam iecien\u012bt\u0101kajam kokteilim\/sm\u016btijam.<\/p>","protected":false},"excerpt":{"rendered":"<p>Lemon &amp; Ginger creamed honey &#8211; made with freeze-dried lemon 5%, dried ginger 1%, lemon juice concentrate, and creamed honey.<\/p>\n<p>An easy and quick way to make a lemon-ginger tea or add additional flavor to your favorite cocktail\/smoothie.<\/p>","protected":false},"featured_media":4551,"comment_status":"open","ping_status":"closed","template":"","meta":[],"product_brand":[],"product_cat":[23],"product_tag":[],"class_list":{"0":"post-2415","1":"product","2":"type-product","3":"status-publish","4":"has-post-thumbnail","6":"product_cat-dazhadi","8":"first","9":"instock","10":"taxable","11":"shipping-taxable","12":"purchasable","13":"product-type-variable"},"aioseo_notices":[],"etheme_brands":{"errors":{"invalid_taxonomy":["Invalid taxonomy."]},"error_data":[]},"jetpack_sharing_enabled":true,"_links":{"self":[{"href":"https:\/\/www.ramriti.lv\/en\/wp-json\/wp\/v2\/product\/2415","targetHints":{"allow":["GET"]}}],"collection":[{"href":"https:\/\/www.ramriti.lv\/en\/wp-json\/wp\/v2\/product"}],"about":[{"href":"https:\/\/www.ramriti.lv\/en\/wp-json\/wp\/v2\/types\/product"}],"replies":[{"embeddable":true,"href":"https:\/\/www.ramriti.lv\/en\/wp-json\/wp\/v2\/comments?post=2415"}],"version-history":[{"count":1,"href":"https:\/\/www.ramriti.lv\/en\/wp-json\/wp\/v2\/product\/2415\/revisions"}],"predecessor-version":[{"id":4544,"href":"https:\/\/www.ramriti.lv\/en\/wp-json\/wp\/v2\/product\/2415\/revisions\/4544"}],"wp:featuredmedia":[{"embeddable":true,"href":"https:\/\/www.ramriti.lv\/en\/wp-json\/wp\/v2\/media\/4551"}],"wp:attachment":[{"href":"https:\/\/www.ramriti.lv\/en\/wp-json\/wp\/v2\/media?parent=2415"}],"wp:term":[{"taxonomy":"product_brand","embeddable":true,"href":"https:\/\/www.ramriti.lv\/en\/wp-json\/wp\/v2\/product_brand?post=2415"},{"taxonomy":"product_cat","embeddable":true,"href":"https:\/\/www.ramriti.lv\/en\/wp-json\/wp\/v2\/product_cat?post=2415"},{"taxonomy":"product_tag","embeddable":true,"href":"https:\/\/www.ramriti.lv\/en\/wp-json\/wp\/v2\/product_tag?post=2415"}],"curies":[{"name":"wp","href":"https:\/\/api.w.org\/{rel}","templated":true}]}}