{"id":5128,"date":"2024-10-11T13:07:22","date_gmt":"2024-10-11T13:07:22","guid":{"rendered":"https:\/\/www.ramriti.lv\/?post_type=product&#038;p=5128"},"modified":"2026-03-28T10:34:08","modified_gmt":"2026-03-28T10:34:08","slug":"mohito-medus-sufle","status":"publish","type":"product","link":"https:\/\/www.ramriti.lv\/en\/product\/mohito-medus-sufle\/","title":{"rendered":"Mojito creamed honey"},"content":{"rendered":"","protected":false},"excerpt":{"rendered":"<p>Vienk\u0101r\u0161s un \u0101trs veids, k\u0101 pagatavot gardu un vesel\u012bgu t\u0113ju ar atsvaidzino\u0161u piparm\u0113tru un pat\u012bkami sk\u0101benu citronu. Varat to pievienot ar\u012b savam iecien\u012bt\u0101kajam kokteilim vai sm\u016btijam.<br \/>\nWhen preparing a drink, natural sediment may form \u2013 this is completely normal and hopefully it won't bother you.<\/p>","protected":false},"featured_media":5229,"comment_status":"open","ping_status":"closed","template":"","meta":[],"product_brand":[],"product_cat":[325,35],"product_tag":[],"class_list":{"0":"post-5128","1":"product","2":"type-product","3":"status-publish","4":"has-post-thumbnail","6":"product_cat-atra-teja","7":"product_cat-medus-sufle","9":"first","10":"instock","11":"taxable","12":"shipping-taxable","13":"purchasable","14":"product-type-variable"},"aioseo_notices":[],"etheme_brands":{"errors":{"invalid_taxonomy":["Invalid taxonomy."]},"error_data":[]},"jetpack_sharing_enabled":true,"_links":{"self":[{"href":"https:\/\/www.ramriti.lv\/en\/wp-json\/wp\/v2\/product\/5128","targetHints":{"allow":["GET"]}}],"collection":[{"href":"https:\/\/www.ramriti.lv\/en\/wp-json\/wp\/v2\/product"}],"about":[{"href":"https:\/\/www.ramriti.lv\/en\/wp-json\/wp\/v2\/types\/product"}],"replies":[{"embeddable":true,"href":"https:\/\/www.ramriti.lv\/en\/wp-json\/wp\/v2\/comments?post=5128"}],"version-history":[{"count":6,"href":"https:\/\/www.ramriti.lv\/en\/wp-json\/wp\/v2\/product\/5128\/revisions"}],"predecessor-version":[{"id":5846,"href":"https:\/\/www.ramriti.lv\/en\/wp-json\/wp\/v2\/product\/5128\/revisions\/5846"}],"wp:featuredmedia":[{"embeddable":true,"href":"https:\/\/www.ramriti.lv\/en\/wp-json\/wp\/v2\/media\/5229"}],"wp:attachment":[{"href":"https:\/\/www.ramriti.lv\/en\/wp-json\/wp\/v2\/media?parent=5128"}],"wp:term":[{"taxonomy":"product_brand","embeddable":true,"href":"https:\/\/www.ramriti.lv\/en\/wp-json\/wp\/v2\/product_brand?post=5128"},{"taxonomy":"product_cat","embeddable":true,"href":"https:\/\/www.ramriti.lv\/en\/wp-json\/wp\/v2\/product_cat?post=5128"},{"taxonomy":"product_tag","embeddable":true,"href":"https:\/\/www.ramriti.lv\/en\/wp-json\/wp\/v2\/product_tag?post=5128"}],"curies":[{"name":"wp","href":"https:\/\/api.w.org\/{rel}","templated":true}]}}