{"id":5509,"date":"2024-12-18T14:34:16","date_gmt":"2024-12-18T14:34:16","guid":{"rendered":"https:\/\/www.ramriti.lv\/?post_type=product&#038;p=5509"},"modified":"2026-03-03T10:23:29","modified_gmt":"2026-03-03T10:23:29","slug":"medus-sufle-komplekts-svetku-medus-50g-x3-gab","status":"publish","type":"product","link":"https:\/\/www.ramriti.lv\/en\/product\/medus-sufle-komplekts-svetku-medus-50g-x3-gab\/","title":{"rendered":"Creamed honey set \u201cFestive honey\u201d 50g x3 pcs"},"content":{"rendered":"","protected":false},"excerpt":{"rendered":"<p>An excellent way to please yourself or show gratitude to those who are special to you. Because we at R\u0101mriti also give you the best from our sun-drenched meadows in the ancient valley of Iecava , where honey is having a dance with innumerable melodies of flavors.<br \/>\nDiscover the wonderful world of creamed honey, where every treat becomes a real journey!<\/p>\n<p>SAST\u0100V\u0100: Pipark\u016bku medus sufl\u0113 (50g), Medus sufl\u0113 ar dz\u0113rven\u0113m (50g), \u0160okol\u0101des &amp; Mande\u013cu medus sufle (50g)<\/p>\n<p>&nbsp;<\/p>","protected":false},"featured_media":5510,"comment_status":"open","ping_status":"closed","template":"","meta":[],"product_brand":[],"product_cat":[98],"product_tag":[],"class_list":{"0":"post-5509","1":"product","2":"type-product","3":"status-publish","4":"has-post-thumbnail","6":"product_cat-davanu-komplekti","8":"first","9":"outofstock","10":"taxable","11":"shipping-taxable","12":"purchasable","13":"product-type-simple"},"aioseo_notices":[],"etheme_brands":{"errors":{"invalid_taxonomy":["Invalid taxonomy."]},"error_data":[]},"jetpack_sharing_enabled":true,"_links":{"self":[{"href":"https:\/\/www.ramriti.lv\/en\/wp-json\/wp\/v2\/product\/5509","targetHints":{"allow":["GET"]}}],"collection":[{"href":"https:\/\/www.ramriti.lv\/en\/wp-json\/wp\/v2\/product"}],"about":[{"href":"https:\/\/www.ramriti.lv\/en\/wp-json\/wp\/v2\/types\/product"}],"replies":[{"embeddable":true,"href":"https:\/\/www.ramriti.lv\/en\/wp-json\/wp\/v2\/comments?post=5509"}],"version-history":[{"count":4,"href":"https:\/\/www.ramriti.lv\/en\/wp-json\/wp\/v2\/product\/5509\/revisions"}],"predecessor-version":[{"id":5850,"href":"https:\/\/www.ramriti.lv\/en\/wp-json\/wp\/v2\/product\/5509\/revisions\/5850"}],"wp:featuredmedia":[{"embeddable":true,"href":"https:\/\/www.ramriti.lv\/en\/wp-json\/wp\/v2\/media\/5510"}],"wp:attachment":[{"href":"https:\/\/www.ramriti.lv\/en\/wp-json\/wp\/v2\/media?parent=5509"}],"wp:term":[{"taxonomy":"product_brand","embeddable":true,"href":"https:\/\/www.ramriti.lv\/en\/wp-json\/wp\/v2\/product_brand?post=5509"},{"taxonomy":"product_cat","embeddable":true,"href":"https:\/\/www.ramriti.lv\/en\/wp-json\/wp\/v2\/product_cat?post=5509"},{"taxonomy":"product_tag","embeddable":true,"href":"https:\/\/www.ramriti.lv\/en\/wp-json\/wp\/v2\/product_tag?post=5509"}],"curies":[{"name":"wp","href":"https:\/\/api.w.org\/{rel}","templated":true}]}}