{"id":5759,"date":"2025-11-03T09:14:14","date_gmt":"2025-11-03T09:14:14","guid":{"rendered":"https:\/\/www.ramriti.lv\/?post_type=product&#038;p=5759"},"modified":"2026-04-17T12:42:02","modified_gmt":"2026-04-17T12:42:02","slug":"svetku-gardums","status":"publish","type":"product","link":"https:\/\/www.ramriti.lv\/en\/product\/svetku-gardums\/","title":{"rendered":"Medus sufl\u0113 komplekts \u201cSv\u0113tku gardums\u201d 50 g \u00d7 3 gab"},"content":{"rendered":"<p>Medus sufl\u0113 komplekts \u201cSv\u0113tku gardums\u201d 50 g \u00d7 3 gab \u0160is \u201cSv\u0113tku gardums\u201d rad\u012bts k\u0101 m\u012b\u013ca d\u0101vana tiem, kam tuva Latvijas daba un m\u016bsu sen\u010du kult\u016bras bag\u0101t\u012bba. Tr\u012bs medus sufl\u0113 gar\u0161as \u2013 ave\u0146u, v\u012bgrie\u017eu un dz\u0113rve\u0146u \u2013 atg\u0101dina par vasaras p\u013cav\u0101m, sv\u0113tkiem un Latvijas karogu. R\u016bp\u012bgi izstr\u0101d\u0101ts, skaisti noform\u0113ts un pilns m\u012blest\u012bbas pret Latviju \u2013 \u0161is gardums ir neliels pateic\u012bbas \u017eests, kas iepriecina gan draugus, gan kol\u0113\u0123us, gan pa\u0161us tuv\u0101kos. Sast\u0101vs: Medus sufl\u0113 ar ave\u0146\u0113m (50 g), Medus sufl\u0113 ar v\u012bgriez\u0113m (50 g), Medus sufl\u0113 ar dz\u0113rven\u0113m (50 g)<\/p>","protected":false},"excerpt":{"rendered":"<p>Medus sufl\u0113 komplekts \u201cSv\u0113tku gardums\u201d\u00a0 M\u012b\u013ca d\u0101vana tiem, kam tuva Latvijas daba un m\u016bsu sen\u010du kult\u016bras bag\u0101t\u012bba. Tr\u012bs medus sufl\u0113 gar\u0161as \u2013 ave\u0146u, v\u012bgrie\u017eu un dz\u0113rve\u0146u \u2013 atg\u0101dina par vasaras p\u013cav\u0101m, sv\u0113tkiem un Latvijas karogu. R\u016bp\u012bgi izstr\u0101d\u0101ts, skaisti noform\u0113ts un pilns m\u012blest\u012bbas pret Latviju \u2013 \u0161is gardums ir neliels pateic\u012bbas \u017eests, kas iepriecina gan draugus, gan kol\u0113\u0123us, gan pa\u0161us tuv\u0101kos. Sast\u0101vs: Medus sufl\u0113 ar ave\u0146\u0113m (50 g), Medus sufl\u0113 ar v\u012bgriez\u0113m (50 g), Medus sufl\u0113 ar dz\u0113rven\u0113m (50 g)<\/p>","protected":false},"featured_media":5893,"comment_status":"open","ping_status":"closed","template":"","meta":[],"product_brand":[],"product_cat":[98],"product_tag":[332,331,333],"class_list":{"0":"post-5759","1":"product","2":"type-product","3":"status-publish","4":"has-post-thumbnail","6":"product_cat-davanu-komplekti","7":"product_tag-davana","8":"product_tag-mdeus-sufle","9":"product_tag-valsts-svetki","11":"first","12":"outofstock","13":"taxable","14":"shipping-taxable","15":"purchasable","16":"product-type-simple"},"aioseo_notices":[],"etheme_brands":{"errors":{"invalid_taxonomy":["Invalid taxonomy."]},"error_data":[]},"jetpack_sharing_enabled":true,"_links":{"self":[{"href":"https:\/\/www.ramriti.lv\/en\/wp-json\/wp\/v2\/product\/5759","targetHints":{"allow":["GET"]}}],"collection":[{"href":"https:\/\/www.ramriti.lv\/en\/wp-json\/wp\/v2\/product"}],"about":[{"href":"https:\/\/www.ramriti.lv\/en\/wp-json\/wp\/v2\/types\/product"}],"replies":[{"embeddable":true,"href":"https:\/\/www.ramriti.lv\/en\/wp-json\/wp\/v2\/comments?post=5759"}],"version-history":[{"count":4,"href":"https:\/\/www.ramriti.lv\/en\/wp-json\/wp\/v2\/product\/5759\/revisions"}],"predecessor-version":[{"id":5764,"href":"https:\/\/www.ramriti.lv\/en\/wp-json\/wp\/v2\/product\/5759\/revisions\/5764"}],"wp:featuredmedia":[{"embeddable":true,"href":"https:\/\/www.ramriti.lv\/en\/wp-json\/wp\/v2\/media\/5893"}],"wp:attachment":[{"href":"https:\/\/www.ramriti.lv\/en\/wp-json\/wp\/v2\/media?parent=5759"}],"wp:term":[{"taxonomy":"product_brand","embeddable":true,"href":"https:\/\/www.ramriti.lv\/en\/wp-json\/wp\/v2\/product_brand?post=5759"},{"taxonomy":"product_cat","embeddable":true,"href":"https:\/\/www.ramriti.lv\/en\/wp-json\/wp\/v2\/product_cat?post=5759"},{"taxonomy":"product_tag","embeddable":true,"href":"https:\/\/www.ramriti.lv\/en\/wp-json\/wp\/v2\/product_tag?post=5759"}],"curies":[{"name":"wp","href":"https:\/\/api.w.org\/{rel}","templated":true}]}}