{"id":5776,"date":"2025-11-21T08:02:42","date_gmt":"2025-11-21T08:02:42","guid":{"rendered":"https:\/\/www.ramriti.lv\/?post_type=product&#038;p=5776"},"modified":"2026-04-24T07:56:32","modified_gmt":"2026-04-24T07:56:32","slug":"ziedputeksni-kalteti-150g","status":"publish","type":"product","link":"https:\/\/www.ramriti.lv\/en\/product\/ziedputeksni-kalteti-150g\/","title":{"rendered":"Ziedputek\u0161\u0146i kalt\u0113ti"},"content":{"rendered":"","protected":false},"excerpt":{"rendered":"<p>Ziedputek\u0161\u0146i kalt\u0113ti 150g. Dab\u012bgs bi\u0161u v\u0101kts superprodukts, kas bag\u0101ts ar olbaltumviel\u0101m, aminosk\u0101b\u0113m, vitam\u012bniem un antioksidantiem. Ziedputek\u0161\u0146i pal\u012bdz stiprin\u0101t imunit\u0101ti, uzlabot ener\u0123ijas l\u012bmeni un veicina organisma atjauno\u0161anos p\u0113c slodzes. Tie satur B grupas vitam\u012bnus, C vitam\u012bnu, k\u0101 ar\u012b enz\u012bmus, kas atbalsta gremo\u0161anas sist\u0113mu un vielmai\u0146u.<\/p>\n<p>Pas\u016bti un izm\u0113\u0123ini dab\u012bgo ener\u0123ijas devu jau \u0161odien \u2014 pievieno kalt\u0113tos ziedputek\u0161\u0146us savam ikdienas uzturam: sm\u016btijiem, putrai, sal\u0101tiem vai pat sald\u0113jumam!<\/p>\n<article class=\"text-token-text-primary w-full focus:outline-none [--shadow-height:45px] has-data-writing-block:pointer-events-none has-data-writing-block:-mt-(--shadow-height) has-data-writing-block:pt-(--shadow-height) [&amp;:has([data-writing-block])&gt;*]:pointer-events-auto [content-visibility:auto] supports-[content-visibility:auto]:[contain-intrinsic-size:auto_100lvh] scroll-mt-[calc(var(--header-height)+min(200px,max(70px,20svh)))]\" dir=\"auto\" data-turn-id=\"request-WEB:5cb8c70f-a1fc-4e6f-85c3-23cc70f072db-2\" data-testid=\"conversation-turn-6\" data-scroll-anchor=\"true\" data-turn=\"assistant\">\n<div class=\"text-base my-auto mx-auto pb-10 [--thread-content-margin:--spacing(4)] thread-sm:[--thread-content-margin:--spacing(6)] thread-lg:[--thread-content-margin:--spacing(16)] px-(--thread-content-margin)\">\n<div class=\"[--thread-content-max-width:40rem] thread-lg:[--thread-content-max-width:48rem] mx-auto max-w-(--thread-content-max-width) flex-1 group\/turn-messages focus-visible:outline-hidden relative flex w-full min-w-0 flex-col agent-turn\">\n<div class=\"z-0 flex min-h-[46px] justify-start\"><\/div>\n<div class=\"mt-3 w-full empty:hidden\">\n<div class=\"text-center\"><\/div>\n<\/div>\n<\/div>\n<\/div>\n<\/article>\n<div class=\"pointer-events-none h-px w-px\" aria-hidden=\"true\" data-edge=\"true\"><\/div>","protected":false},"featured_media":5777,"comment_status":"open","ping_status":"closed","template":"","meta":[],"product_brand":[],"product_cat":[36],"product_tag":[],"class_list":{"0":"post-5776","1":"product","2":"type-product","3":"status-publish","4":"has-post-thumbnail","6":"product_cat-svaigi-nezaveti-ziedputeksni","8":"first","9":"instock","10":"sale","11":"taxable","12":"shipping-taxable","13":"purchasable","14":"product-type-simple"},"aioseo_notices":[],"etheme_brands":{"errors":{"invalid_taxonomy":["Invalid taxonomy."]},"error_data":[]},"jetpack_sharing_enabled":true,"_links":{"self":[{"href":"https:\/\/www.ramriti.lv\/en\/wp-json\/wp\/v2\/product\/5776","targetHints":{"allow":["GET"]}}],"collection":[{"href":"https:\/\/www.ramriti.lv\/en\/wp-json\/wp\/v2\/product"}],"about":[{"href":"https:\/\/www.ramriti.lv\/en\/wp-json\/wp\/v2\/types\/product"}],"replies":[{"embeddable":true,"href":"https:\/\/www.ramriti.lv\/en\/wp-json\/wp\/v2\/comments?post=5776"}],"version-history":[{"count":4,"href":"https:\/\/www.ramriti.lv\/en\/wp-json\/wp\/v2\/product\/5776\/revisions"}],"predecessor-version":[{"id":5779,"href":"https:\/\/www.ramriti.lv\/en\/wp-json\/wp\/v2\/product\/5776\/revisions\/5779"}],"wp:featuredmedia":[{"embeddable":true,"href":"https:\/\/www.ramriti.lv\/en\/wp-json\/wp\/v2\/media\/5777"}],"wp:attachment":[{"href":"https:\/\/www.ramriti.lv\/en\/wp-json\/wp\/v2\/media?parent=5776"}],"wp:term":[{"taxonomy":"product_brand","embeddable":true,"href":"https:\/\/www.ramriti.lv\/en\/wp-json\/wp\/v2\/product_brand?post=5776"},{"taxonomy":"product_cat","embeddable":true,"href":"https:\/\/www.ramriti.lv\/en\/wp-json\/wp\/v2\/product_cat?post=5776"},{"taxonomy":"product_tag","embeddable":true,"href":"https:\/\/www.ramriti.lv\/en\/wp-json\/wp\/v2\/product_tag?post=5776"}],"curies":[{"name":"wp","href":"https:\/\/api.w.org\/{rel}","templated":true}]}}