{"id":717,"date":"2022-09-02T14:52:11","date_gmt":"2022-09-02T14:52:11","guid":{"rendered":"https:\/\/xstore.8theme.com\/elementor\/demos\/beauty-and-cosmetics\/?post_type=product&#038;p=717"},"modified":"2026-03-28T10:39:15","modified_gmt":"2026-03-28T10:39:15","slug":"sokolades-mandelu-medus-sufle","status":"publish","type":"product","link":"https:\/\/www.ramriti.lv\/en\/product\/sokolades-mandelu-medus-sufle\/","title":{"rendered":"Chocolate &amp; Almonds creamed honey"},"content":{"rendered":"","protected":false},"excerpt":{"rendered":"<p class=\"isSelectedEnd\"><strong>\u0160okol\u0101des &amp; mande\u013cu medus sufl\u0113<\/strong> \u2013 putots medus ar 10% mande\u013cu pastas un 10% izcil\u0101s <strong>Ecuador Arriba National<\/strong> r\u016bgt\u0101s \u0161okol\u0101des.<\/p>\n<p>Bag\u0101t\u012bga, kr\u0113m\u012bga \u0161okol\u0101des gar\u0161a ar riekstu noti, kas k\u016bst uz m\u0113les. Ide\u0101li piem\u0113rots pank\u016bk\u0101m, kruas\u0101niem, galet\u0113m, desertiem vai vienk\u0101r\u0161i baud\u012b\u0161anai ar karoti.<br \/>\nNeatvair\u0101mi gar\u0161\u012bgs \u2013 gr\u016bti apst\u0101ties.<\/p>\n<p>Lai sufl\u0113 b\u016btu viegl\u0101k sm\u0113r\u0113jams, ieteicams to uzglab\u0101t silt\u0101k\u0101 viet\u0101 \u2013 \u0161okol\u0101dei dab\u012bgi ir tendence saciet\u0113t zem\u0101k\u0101 temperat\u016br\u0101.<\/p>","protected":false},"featured_media":1655,"comment_status":"open","ping_status":"closed","template":"","meta":[],"product_brand":[],"product_cat":[35],"product_tag":[],"class_list":{"0":"post-717","1":"product","2":"type-product","3":"status-publish","4":"has-post-thumbnail","6":"product_cat-medus-sufle","8":"first","9":"instock","10":"taxable","11":"shipping-taxable","12":"purchasable","13":"product-type-variable"},"aioseo_notices":[],"etheme_brands":{"errors":{"invalid_taxonomy":["Invalid taxonomy."]},"error_data":[]},"jetpack_sharing_enabled":true,"_links":{"self":[{"href":"https:\/\/www.ramriti.lv\/en\/wp-json\/wp\/v2\/product\/717","targetHints":{"allow":["GET"]}}],"collection":[{"href":"https:\/\/www.ramriti.lv\/en\/wp-json\/wp\/v2\/product"}],"about":[{"href":"https:\/\/www.ramriti.lv\/en\/wp-json\/wp\/v2\/types\/product"}],"replies":[{"embeddable":true,"href":"https:\/\/www.ramriti.lv\/en\/wp-json\/wp\/v2\/comments?post=717"}],"version-history":[{"count":5,"href":"https:\/\/www.ramriti.lv\/en\/wp-json\/wp\/v2\/product\/717\/revisions"}],"predecessor-version":[{"id":5858,"href":"https:\/\/www.ramriti.lv\/en\/wp-json\/wp\/v2\/product\/717\/revisions\/5858"}],"wp:featuredmedia":[{"embeddable":true,"href":"https:\/\/www.ramriti.lv\/en\/wp-json\/wp\/v2\/media\/1655"}],"wp:attachment":[{"href":"https:\/\/www.ramriti.lv\/en\/wp-json\/wp\/v2\/media?parent=717"}],"wp:term":[{"taxonomy":"product_brand","embeddable":true,"href":"https:\/\/www.ramriti.lv\/en\/wp-json\/wp\/v2\/product_brand?post=717"},{"taxonomy":"product_cat","embeddable":true,"href":"https:\/\/www.ramriti.lv\/en\/wp-json\/wp\/v2\/product_cat?post=717"},{"taxonomy":"product_tag","embeddable":true,"href":"https:\/\/www.ramriti.lv\/en\/wp-json\/wp\/v2\/product_tag?post=717"}],"curies":[{"name":"wp","href":"https:\/\/api.w.org\/{rel}","templated":true}]}}